{"id":89,"date":"2017-09-11T10:41:40","date_gmt":"2017-09-11T08:41:40","guid":{"rendered":"http:\/\/www.ollerclinic.com\/?page_id=89"},"modified":"2024-12-12T14:40:27","modified_gmt":"2024-12-12T12:40:27","slug":"unidad-vascular","status":"publish","type":"page","link":"https:\/\/www.ollerclinic.com\/en\/medicina-estetica\/corporal\/unidad-vascular\/","title":{"rendered":"Vascular unit"},"content":{"rendered":"<div id=\"fws_69ef80f7afd37\"  data-column-margin=\"default\" data-midnight=\"dark\"  class=\"wpb_row vc_row-fluid vc_row full-width-content vc_row-o-equal-height vc_row-flex vc_row-o-content-middle fila_espe\"  style=\"padding-top: 0px; padding-bottom: 0px; \"><div class=\"row-bg-wrap\" data-bg-animation=\"none\" data-bg-animation-delay=\"\" data-bg-overlay=\"false\"><div class=\"inner-wrap row-bg-layer\" ><div class=\"row-bg viewport-desktop\"  style=\"\"><\/div><\/div><\/div><div class=\"row_col_wrap_12 col span_12 dark left\">\n\t<div style=\"\" class=\"vc_col-sm-6 wpb_column column_container vc_column_container col no-extra-padding inherit_tablet inherit_phone\" data-using-bg=\"true\" data-padding-pos=\"all\" data-has-bg-color=\"false\" data-bg-color=\"\" data-bg-opacity=\"1\" data-animation=\"\" data-delay=\"0\" >\n\t\t<div class=\"vc_column-inner\" ><div class=\"column-image-bg-wrap column-bg-layer viewport-desktop\" data-bg-pos=\"center center\" data-bg-animation=\"none\" data-bg-overlay=\"false\"><div class=\"inner-wrap\"><div class=\"column-image-bg\" style=\" background-image: url('https:\/\/www.ollerclinic.com\/wp-content\/uploads\/2018\/05\/varices_ollerclinic.jpg'); \"><\/div><\/div><\/div>\n\t\t\t<div class=\"wpb_wrapper\">\n\t\t\t\t\n\t\t\t<\/div> \n\t\t<\/div>\n\t<\/div> \n\n\t<div style=\" color: #ffffff;\" class=\"vc_col-sm-6 wpb_column column_container vc_column_container col padding-8-percent inherit_tablet inherit_phone\" data-cfc=\"true\" data-using-bg=\"true\" data-padding-pos=\"left-right\" data-has-bg-color=\"true\" data-bg-color=\"#7fc8de\" data-bg-opacity=\"1\" data-animation=\"\" data-delay=\"0\" >\n\t\t<div class=\"vc_column-inner\" ><div class=\"column-bg-overlay-wrap column-bg-layer\" data-bg-animation=\"none\"><div class=\"column-bg-overlay\" style=\"opacity: 1; background-color: #7fc8de;\"><\/div><\/div>\n\t\t\t<div class=\"wpb_wrapper\">\n\t\t\t\t\n<div class=\"wpb_text_column wpb_content_element  content_espe\" >\n\t<div class=\"wpb_wrapper\">\n\t\t<p><a href=\"https:\/\/www.ollerclinic.com\/en\/medicina-estetica\/\">AESTHETIC MEDICINE<\/a><\/p>\n<h1>Vascular unit<\/h1>\n<p>Las varices son dilataciones de las venas por una acumulaci\u00f3n de sangre que generalmente aparece en las piernas pero que tambi\u00e9n pueden formarse en otras partes del cuerpo.<\/p>\n<p>Afectan sobre todo a las mujeres (entre el 70-80 % de las mujeres tienen alg\u00fan problema de circulaci\u00f3n venosa).<\/p>\n<p>Existen una serie de causas que predisponen a la aparici\u00f3n de las varices:<br \/>\n. Propensi\u00f3n hereditaria, porque la calidad de las v\u00e1lvulas de las venas se transmite.<br \/>\n. Obesidad. Produce un aumento en la presi\u00f3n venosa, por dificultad en el retorno venoso, favoreciendo las varices.<\/p>\n<p><a href=\"#estetica\">Read more<\/a><\/p>\n\t<\/div>\n<\/div>\n\n\n\n<a class=\"nectar-button large regular accent-color  regular-button\"  role=\"button\" style=\"margin-top: 10px; color: #ffffff; background-color: #183c4d;\"  href=\"#contacto_esp\" data-color-override=\"#183c4d\" data-hover-color-override=\"false\" data-hover-text-color-override=\"#fff\"><span>Talk with a specialist<\/span><\/a>\n\t\t\t<\/div> \n\t\t<\/div>\n\t<\/div> \n<\/div><\/div>\n\t\t<div id=\"estetica\"  data-column-margin=\"default\" data-midnight=\"dark\"  class=\"wpb_row vc_row-fluid vc_row full-width-section fila_espe\"  style=\"padding-top: 0px; padding-bottom: 0px; \"><div class=\"row-bg-wrap\" data-bg-animation=\"none\" data-bg-animation-delay=\"\" data-bg-overlay=\"false\"><div class=\"inner-wrap row-bg-layer\" ><div class=\"row-bg viewport-desktop using-bg-color\"  style=\"background-color: #7fc8de; \"><\/div><\/div><\/div><div class=\"row_col_wrap_12 col span_12 dark left\">\n\t<div style=\" color: #ffffff;\" class=\"vc_col-sm-12 wpb_column column_container vc_column_container col no-extra-padding inherit_tablet inherit_phone\" data-cfc=\"true\"  data-padding-pos=\"all\" data-has-bg-color=\"false\" data-bg-color=\"\" data-bg-opacity=\"1\" data-animation=\"\" data-delay=\"0\" >\n\t\t<div class=\"vc_column-inner\" >\n\t\t\t<div class=\"wpb_wrapper\">\n\t\t\t\t\n<div class=\"wpb_text_column wpb_content_element  content_espe\" style=\" max-width: 1000px; display: inline-block;\">\n\t<div class=\"wpb_wrapper\">\n\t\t<p>. Sedentarismo. La almohadilla plantar de los pies y los m\u00fasculos de las piernas impulsan el retorno venoso y, si no se ponen en funcionamiento, se produce mayor estancamiento de sangre y sobrecarga valvular.<br \/>\n. Trabajos que requieren estar mucho de pie. Por el escaso ejercicio muscular y porque el sistema de retorno trabaja siempre en contra de la gravedad.<br \/>\n. Anticonceptivos. Provocan retenci\u00f3n de l\u00edquidos y favorecen la dilataci\u00f3n de la pared venosa.<br \/>\n. Embarazo y n\u00famero de embarazos, tanto por la carga de progesterona, que favorece la aparici\u00f3n de varices, como por la presi\u00f3n del \u00fatero sobre las venas iliacas, impidiendo el retorno venoso.<\/p>\n<p>Las varices no s\u00f3lo son un problema est\u00e9tico, pueden provocar en los casos m\u00e1s graves \u00falceras y trombosis.<br \/>\nImportante es saber que todas las varices tienen tendencia a aumentar de tama\u00f1o y n\u00famero si no se tratan.<br \/>\nUn tratamiento en fases iniciales es mucho m\u00e1s f\u00e1cil, c\u00f3modo, r\u00e1pido, efectivo y econ\u00f3mico.<\/p>\n<p>En funci\u00f3n de su tama\u00f1o las podemos clasificar en:<br \/>\n&#8211; Variculas o ara\u00f1as vasculares: se trata de un problema \u00fanicamente est\u00e9tico, que afecta a los capilares de la piel y son superficiales.<br \/>\nHay que tener presente que estas ara\u00f1as vasculares pueden ser la parte visible de una vena de mayor calibre que tambi\u00e9n est\u00e1 dilatada.<br \/>\n&#8211; Varices: Dilataciones de venas de mayor calibre. Se pueden observar a simple vista y pueden conducir a otras patolog\u00edas.<\/p>\n<h2>\u00bfCu\u00e1ndo se deben tratar las varices?<\/h2>\n<p>Las varices comienzan a aparecer a partir de la adolescencia y es posible iniciar el tratamiento a partir de ese momento. Esperar para tratar las varices (nunca desaparecen sin tratamiento) s\u00f3lo conduce a que aparezcan muchas m\u00e1s, complic\u00e1ndolo todo.<\/p>\n<h2>\u00bfEn qu\u00e9 consiste el tratamiento de las varices?<\/h2>\n<p>Hay diferentes formas de tratar las varices (escleroterapia, l\u00e1ser, l\u00e1ser endovenoso, t\u00e9cnicas combinadas)<br \/>\nNosotros utilizaremos por su eficacia, seguridad, poco dolorosa y experiencia de hace d\u00e9cadas la ESCLEROTERAPIA CON MICROESPUMA Y LA CRIOESCLEROSIS.<br \/>\n\u00c9stas t\u00e9cnicas pueden sustituir al estiramiento y arrancamiento venoso que resultaba muy doloroso con un postoperatorio largo. En cambio con nuestras t\u00e9cnicas nos permite eliminar venas de peque\u00f1o y mayor tama\u00f1o, de forma pr\u00e1cticamente indolora, que no necesita ingreso hospitalario, con pocos riesgos y que eliminan definitivamente las varices tratadas.<br \/>\nLa crioesclerosis l\u00edquida es un m\u00e9todo indoloro y c\u00f3modo que evita el uso de fuertes vendajes, la sustancia esclerosante se inyecta a una temperatura de 40 grados bajo cero, con lo que al efecto qu\u00edmico del esclerosante, se a\u00f1ade el efecto f\u00edsico del fr\u00edo, lo que provoca la desaparici\u00f3n de los capilares sin necesidad de reposo.<br \/>\nCon la microespuma se consigue mucho m\u00e1s volumen de esclerosante con mucha menos cantidad que si fuera l\u00edquido (a menor cantidad menos riesgos).<br \/>\nAseguramos la total eliminaci\u00f3n de las varices.<br \/>\nLas varices que se han eliminado no vuelven a salir. Pueden aparecer alguna nueva por lo que se recomienda un control anual (gratuito) y en el caso de que haya aparecido alguna se eliminan normalmente en una sola sesi\u00f3n.<\/p>\n\t<\/div>\n<\/div>\n\n\n\n\n<div class=\"wpb_text_column wpb_content_element  link_sec2\" >\n\t<div class=\"wpb_wrapper\">\n\t\t<p><a href=\"https:\/\/www.ollerclinic.com\/en\/medicina-estetica\/\">Volver a la secci\u00f3n de medicina est\u00e9tica<\/a><\/p>\n\t<\/div>\n<\/div>\n\n\n\n\n\t\t\t<\/div> \n\t\t<\/div>\n\t<\/div> \n<\/div><\/div>\n\t\t<div id=\"contacto_esp\"  data-column-margin=\"default\" data-midnight=\"dark\"  class=\"wpb_row vc_row-fluid vc_row full-width-section vc_row-o-equal-height vc_row-flex\"  style=\"padding-top: 0px; padding-bottom: 0px; \"><div class=\"row-bg-wrap\" data-bg-animation=\"none\" data-bg-animation-delay=\"\" data-bg-overlay=\"false\"><div class=\"inner-wrap row-bg-layer\" ><div class=\"row-bg viewport-desktop using-bg-color\"  style=\"background-color: #183c4d; \"><\/div><\/div><\/div><div class=\"row_col_wrap_12 col span_12 dark left\">\n\t<div  class=\"vc_col-sm-12 wpb_column column_container vc_column_container col no-extra-padding inherit_tablet inherit_phone\"  data-padding-pos=\"all\" data-has-bg-color=\"false\" data-bg-color=\"\" data-bg-opacity=\"1\" data-animation=\"\" data-delay=\"0\" >\n\t\t<div class=\"vc_column-inner\" >\n\t\t\t<div class=\"wpb_wrapper\">\n\t\t\t\t\n<div class=\"wpb_text_column wpb_content_element\" >\n\t<div class=\"wpb_wrapper\">\n\t\t<h2 style=\"text-align: center;\">Can we help you?<\/h2>\n<h3 style=\"text-align: center;\">Talk with a specialist<\/h3>\n\t<\/div>\n<\/div>\n\n\n\n\n<div class=\"wpcf7 no-js\" id=\"wpcf7-f4-o1\" lang=\"es-ES\" dir=\"ltr\" data-wpcf7-id=\"4\">\n<div class=\"screen-reader-response\"><p role=\"status\" aria-live=\"polite\" aria-atomic=\"true\"><\/p> <ul><\/ul><\/div>\n<form action=\"\/wp-json\/wp\/v2\/pages\/89\" method=\"post\" class=\"wpcf7-form init\" aria-label=\"Formulario de contacto\" novalidate=\"novalidate\" data-status=\"init\" data-trp-original-action=\"\/en\/wp-json\/wp\/v2\/pages\/89#wpcf7-f4-o1\">\n<fieldset class=\"hidden-fields-container\"><input type=\"hidden\" name=\"_wpcf7\" value=\"4\" \/><input type=\"hidden\" name=\"_wpcf7_version\" value=\"6.1.1\" \/><input type=\"hidden\" name=\"_wpcf7_locale\" value=\"es_ES\" \/><input type=\"hidden\" name=\"_wpcf7_unit_tag\" value=\"wpcf7-f4-o1\" \/><input type=\"hidden\" name=\"_wpcf7_container_post\" value=\"0\" \/><input type=\"hidden\" name=\"_wpcf7_posted_data_hash\" value=\"\" \/>\n<\/fieldset>\n<div>\n\t<p><span class=\"wpcf7-form-control-wrap\" data-name=\"your-name\"><input size=\"40\" maxlength=\"400\" class=\"wpcf7-form-control wpcf7-text wpcf7-validates-as-required\" aria-required=\"true\" aria-invalid=\"false\" placeholder=\"Name*\" value=\"\" type=\"text\" name=\"your-name\" \/><\/span>\n\t<\/p>\n<\/div>\n<div>\n\t<p><span class=\"wpcf7-form-control-wrap\" data-name=\"your-subject\"><input size=\"40\" maxlength=\"400\" class=\"wpcf7-form-control wpcf7-text\" aria-invalid=\"false\" placeholder=\"Last name\" value=\"\" type=\"text\" name=\"your-subject\" \/><\/span>\n\t<\/p>\n<\/div>\n<div>\n\t<p><span class=\"wpcf7-form-control-wrap\" data-name=\"your-email\"><input size=\"40\" maxlength=\"400\" class=\"wpcf7-form-control wpcf7-email wpcf7-validates-as-required wpcf7-text wpcf7-validates-as-email\" aria-required=\"true\" aria-invalid=\"false\" placeholder=\"Email*\" value=\"\" type=\"email\" name=\"your-email\" \/><\/span>\n\t<\/p>\n<\/div>\n<div>\n\t<p><label><span class=\"wpcf7-form-control-wrap\" data-name=\"tel-801\"><input size=\"40\" maxlength=\"400\" class=\"wpcf7-form-control wpcf7-tel wpcf7-text wpcf7-validates-as-tel\" aria-invalid=\"false\" placeholder=\"Phone number\" value=\"\" type=\"tel\" name=\"tel-801\" \/><\/span><\/label>\n\t<\/p>\n<\/div>\n<div class=\"w_100\">\n\t<p><label><span class=\"wpcf7-form-control-wrap\" data-name=\"your-message\"><textarea cols=\"40\" rows=\"4\" maxlength=\"2000\" class=\"wpcf7-form-control wpcf7-textarea\" aria-invalid=\"false\" placeholder=\"How can we help you?\" name=\"your-message\"><\/textarea><\/span><\/label>\n\t<\/p>\n<\/div>\n<div class=\"icons\">\n\t<p>How would you prefer us to contact you?\n\t<\/p>\n\t<p><span class=\"wpcf7-form-control-wrap\" data-name=\"checkbox-34\"><span class=\"wpcf7-form-control wpcf7-checkbox\"><span class=\"wpcf7-list-item first\"><input type=\"checkbox\" name=\"checkbox-34[]\" value=\"Tel\u00e9fono\" \/><span class=\"wpcf7-list-item-label\">Phone number<\/span><\/span><span class=\"wpcf7-list-item last\"><input type=\"checkbox\" name=\"checkbox-34[]\" value=\"Email\" \/><span class=\"wpcf7-list-item-label\">Email<\/span><\/span><\/span><\/span>\n\t<\/p>\n<\/div>\n<div class=\"clausulas\">\n\t<p>Under Article 5 of Law 15\/1999, which regulates the right to information in data collection, you are informed about the following points:<br \/>\nController: The data controller is Oller Clinic.<br \/>\nPurpose: Sending information, responding to your inquiries and requests, for the duration of our relationship and with your consent.<br \/>\nLegitimation: Consent of the data subject.<br \/>\nRecipients: Data will not be disclosed to third parties unless required by law.<br \/>\nRights: You can exercise the rights of access, rectification, erasure, and portability of your data, as well as the restriction or objection to its processing by submitting a written request along with a copy of an official identification document, addressed to the Data Controller. In case of disagreement with the processing, you also have the right to lodge a complaint with the Spanish Data Protection Agency.\n\t<\/p>\n<\/div>\n<div class=\"form_ac\">\n\t<p><span class=\"wpcf7-form-control-wrap\" data-name=\"acceptance-234\"><span class=\"wpcf7-form-control wpcf7-acceptance\"><span class=\"wpcf7-list-item\"><label><input type=\"checkbox\" name=\"acceptance-234\" value=\"1\" aria-invalid=\"false\" \/><span class=\"wpcf7-list-item-label\">I have read and I agree to the <a href=\"https:\/\/www.ollerclinic.com\/en\/politica-de-privacidad\/\" target=\"_blank\">privacy policy<\/a><\/span><\/label><\/span><\/span><\/span>\n\t<\/p>\n<\/div>\n<div class=\"btn_submit\">\n\t<p><input class=\"wpcf7-form-control wpcf7-submit has-spinner\" type=\"submit\" value=\"Enviar\" \/>\n\t<\/p>\n<\/div>\n<div class=\"w_100\">\n<div class=\"wpcf7-turnstile cf-turnstile\" data-sitekey=\"0x4AAAAAABoJwo2RhaculERt\" data-response-field-name=\"_wpcf7_turnstile_response\"><\/div>\n<\/div><div class=\"wpcf7-response-output\" aria-hidden=\"true\"><\/div>\n<input type=\"hidden\" name=\"trp-form-language\" value=\"en\"\/><\/form>\n<\/div>\n\n\t\t\t<\/div> \n\t\t<\/div>\n\t<\/div> \n<\/div><\/div>","protected":false},"excerpt":{"rendered":"MEDICINA EST\u00c9TICA Unidad vascular Las varices son dilataciones de las venas por una acumulaci\u00f3n de sangre que generalmente aparece en las piernas pero que tambi\u00e9n pueden formarse en otras partes...","protected":false},"author":1,"featured_media":0,"parent":67,"menu_order":0,"comment_status":"closed","ping_status":"closed","template":"","meta":{"footnotes":""},"class_list":["post-89","page","type-page","status-publish"],"_links":{"self":[{"href":"https:\/\/www.ollerclinic.com\/en\/wp-json\/wp\/v2\/pages\/89","targetHints":{"allow":["GET"]}}],"collection":[{"href":"https:\/\/www.ollerclinic.com\/en\/wp-json\/wp\/v2\/pages"}],"about":[{"href":"https:\/\/www.ollerclinic.com\/en\/wp-json\/wp\/v2\/types\/page"}],"author":[{"embeddable":true,"href":"https:\/\/www.ollerclinic.com\/en\/wp-json\/wp\/v2\/users\/1"}],"replies":[{"embeddable":true,"href":"https:\/\/www.ollerclinic.com\/en\/wp-json\/wp\/v2\/comments?post=89"}],"version-history":[{"count":11,"href":"https:\/\/www.ollerclinic.com\/en\/wp-json\/wp\/v2\/pages\/89\/revisions"}],"predecessor-version":[{"id":1372,"href":"https:\/\/www.ollerclinic.com\/en\/wp-json\/wp\/v2\/pages\/89\/revisions\/1372"}],"up":[{"embeddable":true,"href":"https:\/\/www.ollerclinic.com\/en\/wp-json\/wp\/v2\/pages\/67"}],"wp:attachment":[{"href":"https:\/\/www.ollerclinic.com\/en\/wp-json\/wp\/v2\/media?parent=89"}],"curies":[{"name":"wp","href":"https:\/\/api.w.org\/{rel}","templated":true}]}}