{"id":700,"date":"2018-05-24T12:56:42","date_gmt":"2018-05-24T10:56:42","guid":{"rendered":"http:\/\/www.ollerclinic.com\/?page_id=700"},"modified":"2018-06-07T12:14:59","modified_gmt":"2018-06-07T10:14:59","slug":"politica-de-privacidad","status":"publish","type":"page","link":"https:\/\/www.ollerclinic.com\/en\/politica-de-privacidad\/","title":{"rendered":"Privacy policy"},"content":{"rendered":"<div id=\"fws_69e1100a238e3\"  data-column-margin=\"default\" data-midnight=\"dark\"  class=\"wpb_row vc_row-fluid vc_row plegal\"  style=\"padding-top: 50px; padding-bottom: 0px; \"><div class=\"row-bg-wrap\" data-bg-animation=\"none\" data-bg-animation-delay=\"\" data-bg-overlay=\"false\"><div class=\"inner-wrap row-bg-layer\" ><div class=\"row-bg viewport-desktop\"  style=\"\"><\/div><\/div><\/div><div class=\"row_col_wrap_12 col span_12 dark left\">\n\t<div  class=\"vc_col-sm-12 wpb_column column_container vc_column_container col no-extra-padding\"  data-padding-pos=\"all\" data-has-bg-color=\"false\" data-bg-color=\"\" data-bg-opacity=\"1\" data-animation=\"\" data-delay=\"0\" >\n\t\t<div class=\"vc_column-inner\" >\n\t\t\t<div class=\"wpb_wrapper\">\n\t\t\t\t\n<div class=\"wpb_text_column wpb_content_element  vc_custom_1528366535514\" >\n\t<div class=\"wpb_wrapper\">\n\t\t<h1>Privacy policy<\/h1>\n\t<\/div>\n<\/div>\n\n\n\n\n<div class=\"wpb_text_column wpb_content_element\" >\n\t<div class=\"wpb_wrapper\">\n\t\t<h3>Datos del responsable del fichero<\/h3>\n<ul>\n<li>Identidad: Oller Clinic<\/li>\n<li>Direcci\u00f3n: C\/ Metge Riera Ferrer, 16-18 2\u00ba D 07800  Ibiza<\/li>\n<li>Tel\u00e9fono: 971 307 666<\/li>\n<li>Email: info@ollerclinic.com<\/li>\n<\/ul>\n<h3>Finalidades del tratamiento<\/h3>\n<p>Le informamos que los datos que nos facilite por cualquier medio (p\u00e1gina web, correo electr\u00f3nico, formularios en papel, y\/o cualquier otro documento) ser\u00e1n incorporados un fichero titularidad de Oller Clinic.<\/p>\n<p>Oller Clinic tratar\u00e1 la informaci\u00f3n que nos proporcionan las personas interesadas con las siguientes finalidades:<\/p>\n<ul>\n<li>Gestionar cualquier tipo de solicitud, sugerencia o petici\u00f3n sobre nuestros servicios profesionales que nos formulen las personas interesadas.<\/li>\n<li>Comunicaciones comerciales\u200b: Tratamiento de sus datos con la finalidad de informarle sobre actividades, art\u00edculos de inter\u00e9s e informaci\u00f3n general sobre nuestros servicios v\u00eda correo electr\u00f3nico.<\/li>\n<\/ul>\n<p>Las personas interesadas podr\u00e1n darse de baja de estas comunicaciones en la siguiente direcci\u00f3n de correo electr\u00f3nico: info@ollerclinic.com.<\/p>\n<h3>Legitimaci\u00f3n<\/h3>\n<p>La base legal para el tratamiento de los datos es el consentimiento de las personas interesadas para la tramitaci\u00f3n y gesti\u00f3n de cualquier solicitud de informaci\u00f3n o consulta sobre nuestros servicios profesionales, as\u00ed como para el env\u00edo de comunicaciones comerciales llevadas a cabo por Oller Clinic.<\/p>\n<h3>\u00bfC\u00f3mo obtenemos sus datos?<\/h3>\n<p>Oller Clinic obtiene sus datos por las siguientes fuentes:<\/p>\n<ol>\n<li>La informaci\u00f3n que Usted nos facilita cuando contrata y mantiene productos y\/o servicios con nosotros, tanto de forma directa como indirecta.<\/li>\n<li>Fuentes de informaci\u00f3n externas, como diarios y boletines oficiales, registros p\u00fablicos, resoluciones de las Administraciones P\u00fablicas, gu\u00edas telef\u00f3nicas, listas de personas pertenecientes a colegios profesionales, listas oficiales para la prevenci\u00f3n del fraude, redes sociales e Internet, as\u00ed como terceras empresas a las que Ud. haya prestado su consentimiento para la cesi\u00f3n de sus datos a entidades de cr\u00e9dito, financieras y de seguros.<\/li>\n<li>En particular, los datos que trataremos incluyen las siguientes categor\u00edas: datos de car\u00e1cter identificativo, datos referentes a sus caracter\u00edsticas personales y circunstancias sociales, datos acad\u00e9micos y profesionales, informaci\u00f3n comercial.<\/li>\n<\/ol>\n<h3>\u00bfDurante cu\u00e1nto tiempo conservaremos sus datos?<\/h3>\n<p>Trataremos sus datos personales mientras sean necesarios para la finalidad para la cual fueron recabados. Si cancela todos los contratos, usted podr\u00e1:<\/p>\n<ol>\n<li>Mantener el consentimiento para desarrollar acciones comerciales: trataremos sus datos para las acciones comerciales que haya consentido. Consideraremos que ha elegido esta opci\u00f3n si no revoca el consentimiento expresamente.<\/li>\n<li>Revocar el consentimiento para desarrollar acciones comerciales: cancelaremos sus datos mediante el bloqueo de los mismos.<\/li>\n<\/ol>\n<p>Con este bloqueo, Oller Clinic no tendr\u00e1 acceso a sus datos y solo los tratar\u00e1 para su puesta a disposici\u00f3n a las Administraciones P\u00fablicas competentes, Jueces y Tribunales o el Ministerio Fiscal, para la atenci\u00f3n de las posibles responsabilidades relacionadas con el tratamiento de los datos, en particular para el ejercicio y defensa de reclamaciones ante la Agencia Espa\u00f1ola de Protecci\u00f3n de Datos. Conservaremos sus datos bloqueados durante los plazos previstos en las disposiciones aplicables o, en su caso, en las relaciones contractuales mantenidas con Oller Clinic, procediendo a la supresi\u00f3n f\u00edsica de sus datos una vez transcurridos dichos plazos.<\/p>\n<h3>Destinatarios<\/h3>\n<p>No se ceden datos de car\u00e1cter personal a terceros, salvo disposici\u00f3n legal. Tampoco se realizan transferencias internacionales datos a terceros pa\u00edses.<\/p>\n<p>Como encargados de tratamiento, tenemos contratados a los siguientes proveedores de servicios, habi\u00e9ndose comprometido al cumplimiento de las disposiciones normativas, de aplicaci\u00f3n en materia de protecci\u00f3n de datos, en el momento de su contrataci\u00f3n:<\/p>\n<ul>\n<li>Organismos P\u00fablicos, Agencia Tributaria, Jueces y Tribunales y, en general, Autoridades competentes, cuando Oller Clinic tenga la obligaci\u00f3n legal de facilitar los.<\/li>\n<li>Google LLC, con domicilio en 1600 Amphitheatre Parkway, 94043, Mountain View (California), Estados Unidos, que presta los servicios de GSuite, consistentes en servicios de computaci\u00f3n en la nube y de correo electr\u00f3nico.<\/li>\n<li>Se puede consultar la pol\u00edtica de privacidad y dem\u00e1s aspectos legales de dicha compa\u00f1\u00eda en el siguiente enlace: <a href=\"https:\/\/www.google.com\/intl\/es\/policies\/privacy\/\">https:\/\/www.google.com\/intl\/es\/policies\/privacy\/<\/a><\/li>\n<li>Google participa y ha certificado su cumplimiento con el marco del acuerdo entre EE.UU. y la Uni\u00f3n Europea denominado Privacy Shield, habi\u00e9ndose comprometido a someter toda la informaci\u00f3n personal recibida de pa\u00edses miembros de la Uni\u00f3n Europea a los principios derivados del Privacy Shield.<\/li>\n<li>Puedes obtener m\u00e1s informaci\u00f3n acerca del Privacy Shield en la web del Departamento de Comercio de los EE.UU.: <a href=\"https:\/\/www.privacyshield.gov\/welcome\">https:\/\/www.privacyshield.gov\/welcome<\/a><\/li>\n<li>Asimismo, puedes comprobar la adhesi\u00f3n de Google al Privacy Shield en el siguiente enlace: <a href=\"https:\/\/www.privacyshield.gov\/participant?id=a2zt000000001L5AAI&amp;status=Active\">https:\/\/www.privacyshield.gov\/participant?id=a2zt000000001L5AAI&amp;status=Active<\/a><\/li>\n<li>Facebook Ireland, Ltd. con domicilio en 4 Grand Canal Square Grand Canal Harbour Dublin 2, Irlanda. Se puede consultar la pol\u00edtica de privacidad y dem\u00e1s aspectos legales de dicha compa\u00f1\u00eda en el siguiente enlace: <a href=\"https:\/\/es-es.facebook.com\/privacy\/explanation\">https:\/\/es-es.facebook.com\/privacy\/explanation<\/a>. Facebook participa y ha certificado su cumplimiento con el marco del acuerdo entre EE.UU. y la Uni\u00f3n Europea denominado Privacy Shield, habi\u00e9ndose comprometido a someter toda la informaci\u00f3n personal recibida de pa\u00edses miembros de la Uni\u00f3n Europea a los principios derivados del Privacy Shield.<\/li>\n<li>Puedes obtener m\u00e1s informaci\u00f3n acerca del Privacy Shield en la web del Departamento de Comercio de los EE.UU.: <a href=\"https:\/\/www.privacyshield.gov\/welcome\">https:\/\/www.privacyshield.gov\/welcome<\/a><\/li>\n<li>Twitter, con domicilio en 1355 Market Street, Suite 900 San Francisco, CA 94103. Se puede consultar la pol\u00edtica de privacidad y dem\u00e1s aspectos legales de dicha compa\u00f1\u00eda en el siguiente enlace: <a href=\"https:\/\/twitter.com\/es\/privacy\">https:\/\/twitter.com\/es\/privacy<\/a><\/li>\n<li>Twitter participa y ha certificado su cumplimiento con el marco del acuerdo entre EE.UU. y la Uni\u00f3n Europea denominado Privacy Shield, habi\u00e9ndose comprometido a someter toda la informaci\u00f3n personal recibida de pa\u00edses miembros de la Uni\u00f3n Europea a los principios derivados del Privacy Shield.<\/li>\n<li>Puedes obtener m\u00e1s informaci\u00f3n acerca del Privacy Shield en la web del Departamento de Comercio de los EE.UU.:<a href=\"https:\/\/www.privacyshield.gov\/welcome\">https:\/\/www.privacyshield.gov\/welcome<\/a><\/li>\n<li>Unelink, C\/ Louis Pasteur, 6 (Parque Tecnol\u00f3gico) 46980 Paterna (Valencia), Tel. 961 15 32 81. Se puede consultar la pol\u00edtica de privacidad y dem\u00e1s aspectos legales de dicha compa\u00f1\u00eda en el siguiente enlace: <a href=\"https:\/\/www.unelink.es\/politica-privacidad.html\">https:\/\/www.unelink.es\/politica-privacidad.html<\/a><\/li>\n<li>Al margen de las anteriores comunicaciones de datos, Oller Clinic cuenta con la colaboraci\u00f3n de algunos terceros proveedores de servicios que tienen acceso a sus datos personales y que tratan los referidos datos en nombre y por cuenta de Oller Clinic como consecuencia de su prestaci\u00f3n de servicios.<\/li>\n<\/ul>\n<p>Oller Clinic sigue unos criterios estrictos de selecci\u00f3n de proveedores de servicios con el fin de dar cumplimiento a sus obligaciones en materia de protecci\u00f3n de datos y se compromete a suscribir con ellos el correspondiente contrato de tratamiento de datos mediante el que les impondr\u00e1, entre otras, las siguientes obligaciones: aplicar medidas t\u00e9cnicas y organizativas apropiadas; tratar los datos personales para las finalidades pactadas y atendiendo \u00fanicamente a las instrucciones documentadas de Oller Clinic; y suprimir o devolver los datos a Oller Clinic una vez finalice la prestaci\u00f3n de los servicios.<\/p>\n<h3>Procedencia<\/h3>\n<p>Los datos de car\u00e1cter personal se obtienen directamente de las personas interesadas y de nuestros colaboradores. Las categor\u00edas de datos de car\u00e1cter personal que nos proporciona nuestros colaboradores son las siguientes:<\/p>\n<ul>\n<li>Datos de identificaci\u00f3n.<\/li>\n<li>Direcciones postales o electr\u00f3nicas.<\/li>\n<li>Datos bancarios.<\/li>\n<\/ul>\n<p>No se tratan datos especialmente protegidos.<\/p>\n<h3>Derechos<\/h3>\n<p>Derecho de Acceso, Rectificaci\u00f3n y Supresi\u00f3n: Las personas interesadas tienen derecho a obtener confirmaci\u00f3n sobre si en Oller Clinic estamos tratando datos personales que les concierne, o no. Las personas interesadas tienen derecho a si acceder a sus datos personales, as\u00ed como a solicitar la rectificaci\u00f3n de los datos inexactos o, en su caso, solicitar su supresi\u00f3n cuando, entre otros motivos, los datos ya no sean necesarios para los fines que fueron recogidos.<\/p>\n<p>Derecho a la Limitaci\u00f3n y Oposici\u00f3n: En determinadas circunstancias, los interesados podr\u00e1n solicitar la limitaci\u00f3n del tratamiento de sus datos, en cuyo caso \u00fanicamente los conservaremos para el ejercicio o la defensa de reclamaciones. En determinadas circunstancias y por motivos relacionados con su situaci\u00f3n particular, los interesados podr\u00e1n oponerse al tratamiento de sus datos. Oller Clinic dejar\u00e1 de tratar los datos, salvo por motivos leg\u00edtimos imperiosos, o el ejercicio o la defensa de posibles reclamaciones. Dichos derechos podr\u00e1n ser ejercitados a trav\u00e9s de cualquier medio de comunicaci\u00f3n frente a Oller Clinic en la direcci\u00f3n arriba indicada, adjuntando fotocopia de DNI del titular de los datos o en el e-mail info@ollerclinic.com<\/p>\n<h3>Actualizaciones y modificaciones<\/h3>\n<p>Oller Clinic se reserva el derecho de modificar y\/o actualizar la informaci\u00f3n sobre protecci\u00f3n de datos cuando sea necesario para el correcto cumplimiento del Reglamento de Protecci\u00f3n de Datos. Si se produjera alguna modificaci\u00f3n, el nuevo texto ser\u00e1 publicado en esta p\u00e1gina, donde podr\u00e1 tener acceso a la pol\u00edtica actual. En cada caso, la relaci\u00f3n con los usuarios se regir\u00e1 por las normas previstas en el momento preciso en que se accede al web.<\/p>\n<h3>Canal de comunicaci\u00f3n y soporte<\/h3>\n<p>Las personas interesadas podr\u00e1n comunicar cualquier duda sobre el tratamiento de sus datos de car\u00e1cter personal o interpretaci\u00f3n de nuestra pol\u00edtica en la siguiente direcci\u00f3n: info@ollerclinic.com.<\/p>\n<h3>Responsabilidad y Obligaciones del prestador<\/h3>\n<h5>Responsabilidades con respecto a los contenidos<\/h5>\n<p>El contenido de este sitio web es de car\u00e1cter general, as\u00ed como tiene una finalidad y efectos exclusivamente informativos de nuestros servicios y de nuestra actividad empresarial.<\/p>\n<p>Oller Clinic se exime de cualquier responsabilidad respecto a cualquier decisi\u00f3n adoptada por el usuario del sitio web como consecuencia de la informaci\u00f3n contenida en ella, en especial respecto a las caracter\u00edsticas t\u00e9cnicas de los cables.<\/p>\n<p>Oller Clinic rechaza la responsabilidad sobre cualquier informaci\u00f3n no elaborada por Oller Clinic o no publicada de forma autorizada por ella bajo su nombre, al igual que la responsabilidad que se derive de la mala utilizaci\u00f3n de los contenidos, as\u00ed como se reserva el derecho a actualizarlos, a eliminarlos, limitarlos o impedir el acceso a ellos, de manera temporal o definitiva.<\/p>\n<h5>Responsabilidad respecto a los enlaces a otras p\u00e1ginas webs (links)<\/h5>\n<p>Los enlaces introducidos en www.ollerclinic.com son de car\u00e1cter meramente informativo y, por tanto, Oller Clinic no controla ni verifica ninguna informaci\u00f3n, contenido, productos o servicios facilitados a trav\u00e9s de estos sitios web. En consecuencia, Oller Clinic declina cualquier tipo de responsabilidad por cualquier aspecto, en especial el contenido, relativo a esa p\u00e1gina.<\/p>\n<h5>Responsabilidad en el supuesto en que esta p\u00e1gina sea el destino del enlace introducido en otra p\u00e1gina<\/h5>\n<p>Por lo que se refiere a los enlaces establecidos por otras p\u00e1ginas a este sitio, as\u00ed como si cualquier usuario, entidad o p\u00e1gina web deseara establecer alg\u00fan tipo de enlace con destino al sitio web de Oller Clinic deber\u00e1 atenerse a las siguientes estipulaciones:<\/p>\n<p>Deber\u00e1 solicitar autorizaci\u00f3n previamente a la realizaci\u00f3n del enlace y deber\u00e1 constar de forma expresa su otorgamiento. S\u00f3lo se podr\u00e1 dirigir a la p\u00e1gina de inicio.<\/p>\n<p>El enlace debe ser absoluto y completo, es decir, debe llevar al usuario a la propia direcci\u00f3n de Oller Clinic debe abarcar completamente toda la extensi\u00f3n de la pantalla de la p\u00e1gina inicial. En ning\u00fan caso, salvo autorizaci\u00f3n expresa y por escrito de Oller Clinic, la p\u00e1gina que realice el enlace podr\u00e1 reproducir de cualquier manera el sitio web de Oller Clinic, incluirlo como parte de su web o dentro de uno de sus frames o crear un browser sobre cualquiera de las p\u00e1ginas del web.<\/p>\n<p>No se dar\u00e1 ning\u00fan tipo de indicaci\u00f3n err\u00f3nea o incorrecta acerca de la p\u00e1gina de Oller Clinic.<\/p>\n<p>Si quisiera hacer constar alg\u00fan signo distintivo de Oller Clinic como marcas, logos, denominaci\u00f3n deber\u00e1 contar con la autorizaci\u00f3n por escrito.<\/p>\n<p>El Titular de la p\u00e1gina que ofrece el enlace deber\u00e1 actuar de buena fe y no pretender\u00e1 afectar negativamente a la reputaci\u00f3n o buen nombre de Oller Clinic.<\/p>\n<p>Se proh\u00edbe, salvo autorizaci\u00f3n expresa de Oller Clinic, dar de alta los elementos de texto de la marca o del logo, el nombre de dominio o la denominaci\u00f3n social de Oller Clinic como palabra clave (metatags o metanames) para la b\u00fasqueda de sitios webs realizada a trav\u00e9s de buscadores.<\/p>\n<p>Oller Clinic no asume ning\u00fan tipo de responsabilidad por cualquier aspecto relativo a la p\u00e1gina web que ofrece el enlace. El establecimiento del enlace no implica la existencia de alg\u00fan tipo de relaci\u00f3n, colaboraci\u00f3n o dependencia de Oller Clinic con el titular de esa p\u00e1gina web.<\/p>\n<h5>Responsabilidad aspectos t\u00e9cnicos<\/h5>\n<p>Oller Clinic no garantiza la continuidad del funcionamiento del sitio web al igual que el mismo se encuentre en todo momento operativo y disponible.<\/p>\n<p>Oller Clinic no se hace responsable de los da\u00f1os y perjuicios directos o indirectos, incluidos da\u00f1os a sistemas inform\u00e1ticos e introducci\u00f3n de virus existentes en la red, derivados de la navegaci\u00f3n por Internet necesaria para el uso de este sitio web.<\/p>\n<h3>Obligaci\u00f3n de los usuarios<\/h3>\n<p>El usuario responder\u00e1 de los da\u00f1os y perjuicios que Oller Clinic pueda sufrir como consecuencia del incumplimiento de cualquiera de las obligaciones determinadas en esta nota legal.<\/p>\n<p>Respecto a la navegaci\u00f3n, el usuario se compromete a observar diligente y fielmente las recomendaciones que en su momento establezca Oller Clinic relativa al uso del sitio. A estos efectos Oller Clinic se dirigir\u00e1 a los usuarios mediante cualquier medio de comunicaci\u00f3n a trav\u00e9s del sitio web.<\/p>\n<h3>Duraci\u00f3n y Modificaci\u00f3n<\/h3>\n<p>Oller Clinic tendr\u00e1 derecho a modificar los t\u00e9rminos y condiciones aqu\u00ed estipuladas de forma unilateral, total o parcialmente. Cualquier cambio aparecer\u00e1 en la misma forma en que se encuentran en esta nota legal.<\/p>\n<p>La vigencia temporal de esta nota legal coincide, por lo tanto, con el tiempo de su exposici\u00f3n, hasta el momento en que sean modificadas de forma total o parcial por Oller Clinic.<\/p>\n<p>Oller Clinic podr\u00e1 dar por terminadas, suspender o interrumpir unilateralmente, la operatividad de este sitio web, sin posibilidad de solicitar indemnizaci\u00f3n alguna por parte del usuario. Tras dicha extinci\u00f3n, el usuario deber\u00e1 destruir cualquier informaci\u00f3n sobre la sociedad Oller Clinic que posea en cualquier formato y que haya obtenido a trav\u00e9s del sitio o a trav\u00e9s de las comunicaciones realizadas de forma individual al usuario por la misma.<\/p>\n<h3>Legislaci\u00f3n y Jurisdicci\u00f3n<\/h3>\n<p>Estas condiciones de uso se rigen por la legislaci\u00f3n espa\u00f1ola.<\/p>\n<p>Los usuarios y la empresa Oller Clinic someten todas las interpretaciones o conflictos que pudieran surgir derivados de esta nota legal a los Juzgados y Tribunales de Ibiza.<\/p>\n\t<\/div>\n<\/div>\n\n\n\n\n\t\t\t<\/div> \n\t\t<\/div>\n\t<\/div> \n<\/div><\/div>","protected":false},"excerpt":{"rendered":"Pol\u00edtica de privacidad Datos del responsable del fichero Identidad: Oller Clinic Direcci\u00f3n: C\/ Metge Riera Ferrer, 16-18 2\u00ba D 07800 Ibiza Tel\u00e9fono: 971 307 666 Email: info@ollerclinic.com Finalidades del tratamiento...","protected":false},"author":1,"featured_media":0,"parent":0,"menu_order":0,"comment_status":"closed","ping_status":"closed","template":"","meta":{"footnotes":""},"class_list":["post-700","page","type-page","status-publish"],"_links":{"self":[{"href":"https:\/\/www.ollerclinic.com\/en\/wp-json\/wp\/v2\/pages\/700","targetHints":{"allow":["GET"]}}],"collection":[{"href":"https:\/\/www.ollerclinic.com\/en\/wp-json\/wp\/v2\/pages"}],"about":[{"href":"https:\/\/www.ollerclinic.com\/en\/wp-json\/wp\/v2\/types\/page"}],"author":[{"embeddable":true,"href":"https:\/\/www.ollerclinic.com\/en\/wp-json\/wp\/v2\/users\/1"}],"replies":[{"embeddable":true,"href":"https:\/\/www.ollerclinic.com\/en\/wp-json\/wp\/v2\/comments?post=700"}],"version-history":[{"count":8,"href":"https:\/\/www.ollerclinic.com\/en\/wp-json\/wp\/v2\/pages\/700\/revisions"}],"predecessor-version":[{"id":917,"href":"https:\/\/www.ollerclinic.com\/en\/wp-json\/wp\/v2\/pages\/700\/revisions\/917"}],"wp:attachment":[{"href":"https:\/\/www.ollerclinic.com\/en\/wp-json\/wp\/v2\/media?parent=700"}],"curies":[{"name":"wp","href":"https:\/\/api.w.org\/{rel}","templated":true}]}}