{"id":686,"date":"2018-05-22T13:07:18","date_gmt":"2018-05-22T11:07:18","guid":{"rendered":"http:\/\/www.ollerclinic.com\/?page_id=686"},"modified":"2024-12-12T14:43:32","modified_gmt":"2024-12-12T12:43:32","slug":"definitive-evo-remodelacion-facial","status":"publish","type":"page","link":"https:\/\/www.ollerclinic.com\/en\/medicina-estetica\/facial\/definitive-evo-remodelacion-facial\/","title":{"rendered":"Definitive EVO &#8211; Remodelaci\u00f3n Facial"},"content":{"rendered":"<div id=\"fws_69d66e4c12663\"  data-column-margin=\"default\" data-midnight=\"dark\"  class=\"wpb_row vc_row-fluid vc_row full-width-content vc_row-o-equal-height vc_row-flex vc_row-o-content-middle fila_espe\"  style=\"padding-top: 0px; padding-bottom: 0px; \"><div class=\"row-bg-wrap\" data-bg-animation=\"none\" data-bg-animation-delay=\"\" data-bg-overlay=\"false\"><div class=\"inner-wrap row-bg-layer\" ><div class=\"row-bg viewport-desktop\"  style=\"\"><\/div><\/div><\/div><div class=\"row_col_wrap_12 col span_12 dark left\">\n\t<div  class=\"vc_col-sm-6 bloc_gal wpb_column column_container vc_column_container col no-extra-padding inherit_tablet inherit_phone\"  data-padding-pos=\"all\" data-has-bg-color=\"false\" data-bg-color=\"\" data-bg-opacity=\"1\" data-animation=\"\" data-delay=\"0\" >\n\t\t<div class=\"vc_column-inner\" >\n\t\t\t<div class=\"wpb_wrapper\">\n\t\t\t\t\n\t<div class=\"wpb_gallery wpb_content_element clearfix\">\n\t\t<div class=\"wpb_wrapper\"><div class=\"wpb_gallery_slidesnectarslider_style\" data-onclick=\"link_no\" data-interval=\"5\"><div class=\"nectar-slider-wrap\" style=\"height: 800px\" data-image-rendering=\"default\" data-flexible-height=\"\" data-overall_style=\"classic\" data-button-styling=\"btn_with_count\" data-fullscreen=\"false\"  data-full-width=\"false\" data-parallax=\"false\" data-autorotate=\"5500\" id=\"ns-id-69d66e4c13374\"><div class=\"swiper-container\" style=\"height: 800px\" data-loop=\"true\" data-height=\"800\" data-bullets=\"true\" data-bullet_style=\"see_through\" data-arrows=\"false\" data-desktop-swipe=\"true\" data-settings=\"\"><div class=\"swiper-wrapper\"><div class=\"swiper-slide\" data-bg-alignment=\"center\" data-color-scheme=\"light\" data-x-pos=\"centered\" data-y-pos=\"middle\"><div class=\"image-bg\" style=\"background-image: url(https:\/\/www.ollerclinic.com\/wp-content\/uploads\/2018\/06\/chica-facial.jpg);\">  &nbsp; <\/div><span class=\"ie-fix\"><\/span> <\/div><!--\/swiper-slide--><div class=\"swiper-slide\" data-bg-alignment=\"center\" data-color-scheme=\"light\" data-x-pos=\"centered\" data-y-pos=\"middle\"><div class=\"image-bg\" style=\"background-image: url(https:\/\/www.ollerclinic.com\/wp-content\/uploads\/2018\/05\/VLC00032.jpg);\">  &nbsp; <\/div><span class=\"ie-fix\"><\/span> <\/div><!--\/swiper-slide--><\/div><div class=\"container normal-container slider-pagination-wrap\"><div class=\"slider-pagination\"><\/div><\/div><div class=\"nectar-slider-loading\"><\/div><\/div><\/div><\/div>\n\t\t<\/div> \n\t<\/div> \n\t\t\t<\/div> \n\t\t<\/div>\n\t<\/div> \n\n\t<div style=\" color: #ffffff;\" class=\"vc_col-sm-6 wpb_column column_container vc_column_container col padding-8-percent inherit_tablet inherit_phone\" data-cfc=\"true\" data-using-bg=\"true\" data-padding-pos=\"left-right\" data-has-bg-color=\"true\" data-bg-color=\"#7fc8de\" data-bg-opacity=\"1\" data-animation=\"\" data-delay=\"0\" >\n\t\t<div class=\"vc_column-inner\" ><div class=\"column-bg-overlay-wrap column-bg-layer\" data-bg-animation=\"none\"><div class=\"column-bg-overlay\" style=\"opacity: 1; background-color: #7fc8de;\"><\/div><\/div>\n\t\t\t<div class=\"wpb_wrapper\">\n\t\t\t\t\n<div class=\"wpb_text_column wpb_content_element  content_espe\" >\n\t<div class=\"wpb_wrapper\">\n\t\t<p><a href=\"https:\/\/www.ollerclinic.com\/en\/medicina-estetica\/\">AESTHETIC MEDICINE<\/a><\/p>\n<h1>Definitive EVO<br \/>\nFacial remodeling<\/h1>\n<p>D-finitive EVO es un sistema integrado de remodelaci\u00f3n facial que incluye un conjunto de novedosos protocolos de m\u00e9dicina est\u00e9tica dise\u00f1ados para la reafirmaci\u00f3n y tensado cut\u00e1neo.<\/p>\n<p>Adem\u00e1s, D-finitive EVO incluye tres aplicadores ergon\u00f3micos de electrodo plano para el tratamiento en bolsas y ojeras, \u00f3valo facial, doble ment\u00f3n y cuello.<\/p>\n<p>El campo electromagn\u00e9tico provoca en la c\u00e9lula un cambio de polaridad por rotaci\u00f3n i\u00f3nica, aumentando por fricci\u00f3n de las mol\u00e9culas de l\u00edquidos la temperatura en los tejidos, desencadenando efectos fisiol\u00f3gicos beneficiosos.<\/p>\n<p><a href=\"#estetica\">Read more<\/a><\/p>\n\t<\/div>\n<\/div>\n\n\n\n<a class=\"nectar-button large regular accent-color  regular-button\"  role=\"button\" style=\"margin-top: 10px; color: #ffffff; background-color: #183c4d;\"  href=\"#contacto_esp\" data-color-override=\"#183c4d\" data-hover-color-override=\"false\" data-hover-text-color-override=\"#fff\"><span>Talk with a specialist<\/span><\/a>\n\t\t\t<\/div> \n\t\t<\/div>\n\t<\/div> \n<\/div><\/div>\n\t\t<div id=\"estetica\"  data-column-margin=\"default\" data-midnight=\"dark\"  class=\"wpb_row vc_row-fluid vc_row full-width-section fila_espe\"  style=\"padding-top: 0px; padding-bottom: 0px; \"><div class=\"row-bg-wrap\" data-bg-animation=\"none\" data-bg-animation-delay=\"\" data-bg-overlay=\"false\"><div class=\"inner-wrap row-bg-layer\" ><div class=\"row-bg viewport-desktop using-bg-color\"  style=\"background-color: #7fc8de; \"><\/div><\/div><\/div><div class=\"row_col_wrap_12 col span_12 dark left\">\n\t<div style=\" color: #ffffff;\" class=\"vc_col-sm-12 wpb_column column_container vc_column_container col no-extra-padding inherit_tablet inherit_phone\" data-cfc=\"true\"  data-padding-pos=\"all\" data-has-bg-color=\"false\" data-bg-color=\"\" data-bg-opacity=\"1\" data-animation=\"\" data-delay=\"0\" >\n\t\t<div class=\"vc_column-inner\" >\n\t\t\t<div class=\"wpb_wrapper\">\n\t\t\t\t\n<div class=\"wpb_text_column wpb_content_element  content_espe\" style=\" max-width: 1000px; display: inline-block;\">\n\t<div class=\"wpb_wrapper\">\n\t\t<p>Oxigena, hidrata y nutre los tejidos, aumenta el ATP y las funciones naturales de la c\u00e9lula, aumenta la vascularizaci\u00f3n, el drenaje, la eliminaci\u00f3n de toxinas, provoca en el tejido adiposo un efecto lipol\u00edtico y estimula la regeneraci\u00f3n y estimulaci\u00f3n de las mol\u00e9culas de col\u00e1geno y el\u00e1stica.<\/p>\n<p>Un tratamiento no invasivo, intuitivo, indoloro, c\u00f3modo y eficaz en funciones de estimulaci\u00f3n celular, por lo que se obtienen excelentes beneficios en tratamientos como arrugas y l\u00edneas de expresi\u00f3n, tensado, flacidez, hiperpigmentaciones o marcas de acn\u00e9.<\/p>\n<p>Por lo general de 8 a 12 sesiones son las recomendables para obtener unos resultados satisfactorios, con una periodicidad de 1 a 2 sesiones semanales previo diagn\u00f3stico de las zonas a tratar por nuestros especialistas.<\/p>\n\t<\/div>\n<\/div>\n\n\n\n\n<div class=\"wpb_text_column wpb_content_element  link_sec2\" >\n\t<div class=\"wpb_wrapper\">\n\t\t<p><a href=\"https:\/\/www.ollerclinic.com\/en\/medicina-estetica\/\">Volver a la secci\u00f3n de medicina est\u00e9tica<\/a><\/p>\n\t<\/div>\n<\/div>\n\n\n\n\n\t\t\t<\/div> \n\t\t<\/div>\n\t<\/div> \n<\/div><\/div>\n\t\t<div id=\"contacto_esp\"  data-column-margin=\"default\" data-midnight=\"dark\"  class=\"wpb_row vc_row-fluid vc_row full-width-section vc_row-o-equal-height vc_row-flex\"  style=\"padding-top: 0px; padding-bottom: 0px; \"><div class=\"row-bg-wrap\" data-bg-animation=\"none\" data-bg-animation-delay=\"\" data-bg-overlay=\"false\"><div class=\"inner-wrap row-bg-layer\" ><div class=\"row-bg viewport-desktop using-bg-color\"  style=\"background-color: #183c4d; \"><\/div><\/div><\/div><div class=\"row_col_wrap_12 col span_12 dark left\">\n\t<div  class=\"vc_col-sm-12 wpb_column column_container vc_column_container col no-extra-padding inherit_tablet inherit_phone\"  data-padding-pos=\"all\" data-has-bg-color=\"false\" data-bg-color=\"\" data-bg-opacity=\"1\" data-animation=\"\" data-delay=\"0\" >\n\t\t<div class=\"vc_column-inner\" >\n\t\t\t<div class=\"wpb_wrapper\">\n\t\t\t\t\n<div class=\"wpb_text_column wpb_content_element\" >\n\t<div class=\"wpb_wrapper\">\n\t\t<h2 style=\"text-align: center;\">Can we help you?<\/h2>\n<h3 style=\"text-align: center;\">Talk with a specialist<\/h3>\n\t<\/div>\n<\/div>\n\n\n\n\n<div class=\"wpcf7 no-js\" id=\"wpcf7-f4-o1\" lang=\"es-ES\" dir=\"ltr\" data-wpcf7-id=\"4\">\n<div class=\"screen-reader-response\"><p role=\"status\" aria-live=\"polite\" aria-atomic=\"true\"><\/p> <ul><\/ul><\/div>\n<form action=\"\/wp-json\/wp\/v2\/pages\/686\" method=\"post\" class=\"wpcf7-form init\" aria-label=\"Formulario de contacto\" novalidate=\"novalidate\" data-status=\"init\" data-trp-original-action=\"\/en\/wp-json\/wp\/v2\/pages\/686#wpcf7-f4-o1\">\n<fieldset class=\"hidden-fields-container\"><input type=\"hidden\" name=\"_wpcf7\" value=\"4\" \/><input type=\"hidden\" name=\"_wpcf7_version\" value=\"6.1.1\" \/><input type=\"hidden\" name=\"_wpcf7_locale\" value=\"es_ES\" \/><input type=\"hidden\" name=\"_wpcf7_unit_tag\" value=\"wpcf7-f4-o1\" \/><input type=\"hidden\" name=\"_wpcf7_container_post\" value=\"0\" \/><input type=\"hidden\" name=\"_wpcf7_posted_data_hash\" value=\"\" \/>\n<\/fieldset>\n<div>\n\t<p><span class=\"wpcf7-form-control-wrap\" data-name=\"your-name\"><input size=\"40\" maxlength=\"400\" class=\"wpcf7-form-control wpcf7-text wpcf7-validates-as-required\" aria-required=\"true\" aria-invalid=\"false\" placeholder=\"Name*\" value=\"\" type=\"text\" name=\"your-name\" \/><\/span>\n\t<\/p>\n<\/div>\n<div>\n\t<p><span class=\"wpcf7-form-control-wrap\" data-name=\"your-subject\"><input size=\"40\" maxlength=\"400\" class=\"wpcf7-form-control wpcf7-text\" aria-invalid=\"false\" placeholder=\"Last name\" value=\"\" type=\"text\" name=\"your-subject\" \/><\/span>\n\t<\/p>\n<\/div>\n<div>\n\t<p><span class=\"wpcf7-form-control-wrap\" data-name=\"your-email\"><input size=\"40\" maxlength=\"400\" class=\"wpcf7-form-control wpcf7-email wpcf7-validates-as-required wpcf7-text wpcf7-validates-as-email\" aria-required=\"true\" aria-invalid=\"false\" placeholder=\"Email*\" value=\"\" type=\"email\" name=\"your-email\" \/><\/span>\n\t<\/p>\n<\/div>\n<div>\n\t<p><label><span class=\"wpcf7-form-control-wrap\" data-name=\"tel-801\"><input size=\"40\" maxlength=\"400\" class=\"wpcf7-form-control wpcf7-tel wpcf7-text wpcf7-validates-as-tel\" aria-invalid=\"false\" placeholder=\"Phone number\" value=\"\" type=\"tel\" name=\"tel-801\" \/><\/span><\/label>\n\t<\/p>\n<\/div>\n<div class=\"w_100\">\n\t<p><label><span class=\"wpcf7-form-control-wrap\" data-name=\"your-message\"><textarea cols=\"40\" rows=\"4\" maxlength=\"2000\" class=\"wpcf7-form-control wpcf7-textarea\" aria-invalid=\"false\" placeholder=\"How can we help you?\" name=\"your-message\"><\/textarea><\/span><\/label>\n\t<\/p>\n<\/div>\n<div class=\"icons\">\n\t<p>How would you prefer us to contact you?\n\t<\/p>\n\t<p><span class=\"wpcf7-form-control-wrap\" data-name=\"checkbox-34\"><span class=\"wpcf7-form-control wpcf7-checkbox\"><span class=\"wpcf7-list-item first\"><input type=\"checkbox\" name=\"checkbox-34[]\" value=\"Tel\u00e9fono\" \/><span class=\"wpcf7-list-item-label\">Phone number<\/span><\/span><span class=\"wpcf7-list-item last\"><input type=\"checkbox\" name=\"checkbox-34[]\" value=\"Email\" \/><span class=\"wpcf7-list-item-label\">Email<\/span><\/span><\/span><\/span>\n\t<\/p>\n<\/div>\n<div class=\"clausulas\">\n\t<p>Under Article 5 of Law 15\/1999, which regulates the right to information in data collection, you are informed about the following points:<br \/>\nController: The data controller is Oller Clinic.<br \/>\nPurpose: Sending information, responding to your inquiries and requests, for the duration of our relationship and with your consent.<br \/>\nLegitimation: Consent of the data subject.<br \/>\nRecipients: Data will not be disclosed to third parties unless required by law.<br \/>\nRights: You can exercise the rights of access, rectification, erasure, and portability of your data, as well as the restriction or objection to its processing by submitting a written request along with a copy of an official identification document, addressed to the Data Controller. In case of disagreement with the processing, you also have the right to lodge a complaint with the Spanish Data Protection Agency.\n\t<\/p>\n<\/div>\n<div class=\"form_ac\">\n\t<p><span class=\"wpcf7-form-control-wrap\" data-name=\"acceptance-234\"><span class=\"wpcf7-form-control wpcf7-acceptance\"><span class=\"wpcf7-list-item\"><label><input type=\"checkbox\" name=\"acceptance-234\" value=\"1\" aria-invalid=\"false\" \/><span class=\"wpcf7-list-item-label\">I have read and I agree to the <a href=\"https:\/\/www.ollerclinic.com\/en\/politica-de-privacidad\/\" target=\"_blank\">privacy policy<\/a><\/span><\/label><\/span><\/span><\/span>\n\t<\/p>\n<\/div>\n<div class=\"btn_submit\">\n\t<p><input class=\"wpcf7-form-control wpcf7-submit has-spinner\" type=\"submit\" value=\"Enviar\" \/>\n\t<\/p>\n<\/div>\n<div class=\"w_100\">\n<div class=\"wpcf7-turnstile cf-turnstile\" data-sitekey=\"0x4AAAAAABoJwo2RhaculERt\" data-response-field-name=\"_wpcf7_turnstile_response\"><\/div>\n<\/div><div class=\"wpcf7-response-output\" aria-hidden=\"true\"><\/div>\n<input type=\"hidden\" name=\"trp-form-language\" value=\"en\"\/><\/form>\n<\/div>\n\n\t\t\t<\/div> \n\t\t<\/div>\n\t<\/div> \n<\/div><\/div>","protected":false},"excerpt":{"rendered":"&nbsp; &nbsp; MEDICINA EST\u00c9TICA Definitive EVO Remodelaci\u00f3n Facial D-finitive EVO es un sistema integrado de remodelaci\u00f3n facial que incluye un conjunto de novedosos protocolos de m\u00e9dicina est\u00e9tica dise\u00f1ados para la...","protected":false},"author":1,"featured_media":0,"parent":65,"menu_order":0,"comment_status":"closed","ping_status":"closed","template":"","meta":{"footnotes":""},"class_list":["post-686","page","type-page","status-publish"],"_links":{"self":[{"href":"https:\/\/www.ollerclinic.com\/en\/wp-json\/wp\/v2\/pages\/686","targetHints":{"allow":["GET"]}}],"collection":[{"href":"https:\/\/www.ollerclinic.com\/en\/wp-json\/wp\/v2\/pages"}],"about":[{"href":"https:\/\/www.ollerclinic.com\/en\/wp-json\/wp\/v2\/types\/page"}],"author":[{"embeddable":true,"href":"https:\/\/www.ollerclinic.com\/en\/wp-json\/wp\/v2\/users\/1"}],"replies":[{"embeddable":true,"href":"https:\/\/www.ollerclinic.com\/en\/wp-json\/wp\/v2\/comments?post=686"}],"version-history":[{"count":12,"href":"https:\/\/www.ollerclinic.com\/en\/wp-json\/wp\/v2\/pages\/686\/revisions"}],"predecessor-version":[{"id":1379,"href":"https:\/\/www.ollerclinic.com\/en\/wp-json\/wp\/v2\/pages\/686\/revisions\/1379"}],"up":[{"embeddable":true,"href":"https:\/\/www.ollerclinic.com\/en\/wp-json\/wp\/v2\/pages\/65"}],"wp:attachment":[{"href":"https:\/\/www.ollerclinic.com\/en\/wp-json\/wp\/v2\/media?parent=686"}],"curies":[{"name":"wp","href":"https:\/\/api.w.org\/{rel}","templated":true}]}}