{"id":432,"date":"2018-05-17T12:37:09","date_gmt":"2018-05-17T10:37:09","guid":{"rendered":"http:\/\/www.ollerclinic.com\/?page_id=432"},"modified":"2024-12-12T14:19:11","modified_gmt":"2024-12-12T12:19:11","slug":"cirugia-de-mamas","status":"publish","type":"page","link":"https:\/\/www.ollerclinic.com\/en\/cirugia-estetica\/corporal\/cirugia-de-mamas\/","title":{"rendered":"Breast surgery"},"content":{"rendered":"<div id=\"fws_69e0d826056e1\"  data-column-margin=\"default\" data-midnight=\"dark\"  class=\"wpb_row vc_row-fluid vc_row full-width-content vc_row-o-equal-height vc_row-flex vc_row-o-content-middle fila_espe\"  style=\"padding-top: 0px; padding-bottom: 0px; \"><div class=\"row-bg-wrap\" data-bg-animation=\"none\" data-bg-animation-delay=\"\" data-bg-overlay=\"false\"><div class=\"inner-wrap row-bg-layer\" ><div class=\"row-bg viewport-desktop\"  style=\"\"><\/div><\/div><\/div><div class=\"row_col_wrap_12 col span_12 dark left\">\n\t<div style=\"\" class=\"vc_col-sm-6 wpb_column column_container vc_column_container col no-extra-padding inherit_tablet inherit_phone\" data-using-bg=\"true\" data-padding-pos=\"all\" data-has-bg-color=\"false\" data-bg-color=\"\" data-bg-opacity=\"1\" data-animation=\"\" data-delay=\"0\" >\n\t\t<div class=\"vc_column-inner\" ><div class=\"column-image-bg-wrap column-bg-layer viewport-desktop\" data-bg-pos=\"center center\" data-bg-animation=\"none\" data-bg-overlay=\"false\"><div class=\"inner-wrap\"><div class=\"column-image-bg\" style=\" background-image: url('https:\/\/www.ollerclinic.com\/wp-content\/uploads\/2018\/05\/cirugiamamas_ollerclinic.jpg'); \"><\/div><\/div><\/div>\n\t\t\t<div class=\"wpb_wrapper\">\n\t\t\t\t\n\t\t\t<\/div> \n\t\t<\/div>\n\t<\/div> \n\n\t<div style=\" color: #ffffff;\" class=\"vc_col-sm-6 wpb_column column_container vc_column_container col padding-8-percent inherit_tablet inherit_phone\" data-cfc=\"true\" data-using-bg=\"true\" data-padding-pos=\"left-right\" data-has-bg-color=\"true\" data-bg-color=\"#7fc8de\" data-bg-opacity=\"1\" data-animation=\"\" data-delay=\"0\" >\n\t\t<div class=\"vc_column-inner\" ><div class=\"column-bg-overlay-wrap column-bg-layer\" data-bg-animation=\"none\"><div class=\"column-bg-overlay\" style=\"opacity: 1; background-color: #7fc8de;\"><\/div><\/div>\n\t\t\t<div class=\"wpb_wrapper\">\n\t\t\t\t\n<div class=\"wpb_text_column wpb_content_element  content_espe\" >\n\t<div class=\"wpb_wrapper\">\n\t\t<p><a href=\"https:\/\/www.ollerclinic.com\/en\/cirugia-estetica\/\">CIRUG\u00cdA EST\u00c9TICA<\/a><\/p>\n<h1>Breast surgery<\/h1>\n<p>Los pechos son una de las partes del cuerpo que nos definen como tal y a la que damos m\u00e1s importancia. Demasiado grandes, demasiado peque\u00f1os o ca\u00eddos: su volumen y su colocaci\u00f3n correcta se corrigen a trav\u00e9s de la cirug\u00eda de mamas.<\/p>\n<p>Sin embargo, no todas las mujeres se someten a estas intervenciones s\u00f3lo por razones est\u00e9ticas, si no que existen tambi\u00e9n razones m\u00e9dicas (como la reducci\u00f3n de mamas por el peso que ejercen en la espalda).<\/p>\n<p><a href=\"#estetica\">Read more<\/a><\/p>\n\t<\/div>\n<\/div>\n\n\n\n<a class=\"nectar-button large regular accent-color  regular-button\"  role=\"button\" style=\"margin-top: 10px; color: #ffffff; background-color: #183c4d;\"  href=\"#contacto_esp\" data-color-override=\"#183c4d\" data-hover-color-override=\"false\" data-hover-text-color-override=\"#fff\"><span>Talk with a specialist<\/span><\/a>\n\t\t\t<\/div> \n\t\t<\/div>\n\t<\/div> \n<\/div><\/div>\n\t\t<div id=\"estetica\"  data-column-margin=\"default\" data-midnight=\"dark\"  class=\"wpb_row vc_row-fluid vc_row full-width-section fila_espe\"  style=\"padding-top: 0px; padding-bottom: 0px; \"><div class=\"row-bg-wrap\" data-bg-animation=\"none\" data-bg-animation-delay=\"\" data-bg-overlay=\"false\"><div class=\"inner-wrap row-bg-layer\" ><div class=\"row-bg viewport-desktop using-bg-color\"  style=\"background-color: #7fc8de; \"><\/div><\/div><\/div><div class=\"row_col_wrap_12 col span_12 dark left\">\n\t<div style=\" color: #ffffff;\" class=\"vc_col-sm-12 wpb_column column_container vc_column_container col no-extra-padding inherit_tablet inherit_phone\" data-cfc=\"true\"  data-padding-pos=\"all\" data-has-bg-color=\"false\" data-bg-color=\"\" data-bg-opacity=\"1\" data-animation=\"\" data-delay=\"0\" >\n\t\t<div class=\"vc_column-inner\" >\n\t\t\t<div class=\"wpb_wrapper\">\n\t\t\t\t\n<div class=\"wpb_text_column wpb_content_element  content_espe\" style=\" max-width: 1000px; display: inline-block;\">\n\t<div class=\"wpb_wrapper\">\n\t\t<h2>Reducci\u00f3n de mamas<\/h2>\n<p>Es una t\u00e9cnica quir\u00fargica que como su propio nombre indica consiste en la reducci\u00f3n de los senos.<\/p>\n<h2>Aumento de mamas<\/h2>\n<p>Es una t\u00e9cnica quir\u00fargica que permite aumentar el tama\u00f1o de los senos as\u00ed como realzarlos y rejuvenecerlos a trav\u00e9s de la colocaci\u00f3n de implantes.<\/p>\n<h2>Mastopexia de mamas<\/h2>\n<p>Es una t\u00e9cnica quir\u00fargica que consiste en la elevaci\u00f3n de los senos en aquellas mujeres que con el paso de los a\u00f1os y causada por el embarazo, oscilaciones bruscas de peso o lactancia han perdido elasticidad y firmeza.<\/p>\n<p>La cl\u00ednica Dr. Oller lleva a\u00f1os ofreciendo a sus pacientes la posibilidad de llevar a cabo sus tratamientos de cirug\u00eda est\u00e9tica junto a los mejores profesionales de esta \u00e1rea.<\/p>\n<p>Acompa\u00f1amos a nuestros pacientes en todo el proceso y les asesoramos sobre los m\u00faltiples factores que intervienen en esta operaci\u00f3n, sus resultados y expectativas. De esta manera, facilitamos toda la informaci\u00f3n necesaria con el fin de que sea el propio paciente el que escoja la mejor opci\u00f3n.<\/p>\n<p>En colaboraci\u00f3n con el prestigioso cirujano Iv\u00e1n Ma\u00f1ero, en la cl\u00ednica Dr. Oller, nos encargamos de todo, mejoramos el seguimiento, el control y la atenci\u00f3n pre y post operaci\u00f3n para que solo tengas que disfrutar del resultado, manteniendo la seguridad y la confianza que ofrece tener un profesional siempre a tu lado.<\/p>\n\t<\/div>\n<\/div>\n\n\n\n\n<div class=\"wpb_text_column wpb_content_element  link_sec2\" >\n\t<div class=\"wpb_wrapper\">\n\t\t<p><a href=\"https:\/\/www.ollerclinic.com\/en\/cirugia-estetica\/\">Volver a la secci\u00f3n de cirug\u00eda est\u00e9tica<\/a><\/p>\n\t<\/div>\n<\/div>\n\n\n\n\n\t\t\t<\/div> \n\t\t<\/div>\n\t<\/div> \n<\/div><\/div>\n\t\t<div id=\"contacto_esp\"  data-column-margin=\"default\" data-midnight=\"dark\"  class=\"wpb_row vc_row-fluid vc_row full-width-section vc_row-o-equal-height vc_row-flex\"  style=\"padding-top: 0px; padding-bottom: 0px; \"><div class=\"row-bg-wrap\" data-bg-animation=\"none\" data-bg-animation-delay=\"\" data-bg-overlay=\"false\"><div class=\"inner-wrap row-bg-layer\" ><div class=\"row-bg viewport-desktop using-bg-color\"  style=\"background-color: #183c4d; \"><\/div><\/div><\/div><div class=\"row_col_wrap_12 col span_12 dark left\">\n\t<div  class=\"vc_col-sm-12 wpb_column column_container vc_column_container col no-extra-padding inherit_tablet inherit_phone\"  data-padding-pos=\"all\" data-has-bg-color=\"false\" data-bg-color=\"\" data-bg-opacity=\"1\" data-animation=\"\" data-delay=\"0\" >\n\t\t<div class=\"vc_column-inner\" >\n\t\t\t<div class=\"wpb_wrapper\">\n\t\t\t\t\n<div class=\"wpb_text_column wpb_content_element\" >\n\t<div class=\"wpb_wrapper\">\n\t\t<h2 style=\"text-align: center;\">Can we help you?<\/h2>\n<h3 style=\"text-align: center;\">Talk with a specialist<\/h3>\n\t<\/div>\n<\/div>\n\n\n\n\n<div class=\"wpcf7 no-js\" id=\"wpcf7-f4-o1\" lang=\"es-ES\" dir=\"ltr\" data-wpcf7-id=\"4\">\n<div class=\"screen-reader-response\"><p role=\"status\" aria-live=\"polite\" aria-atomic=\"true\"><\/p> <ul><\/ul><\/div>\n<form action=\"\/wp-json\/wp\/v2\/pages\/432\" method=\"post\" class=\"wpcf7-form init\" aria-label=\"Formulario de contacto\" novalidate=\"novalidate\" data-status=\"init\" data-trp-original-action=\"\/en\/wp-json\/wp\/v2\/pages\/432#wpcf7-f4-o1\">\n<fieldset class=\"hidden-fields-container\"><input type=\"hidden\" name=\"_wpcf7\" value=\"4\" \/><input type=\"hidden\" name=\"_wpcf7_version\" value=\"6.1.1\" \/><input type=\"hidden\" name=\"_wpcf7_locale\" value=\"es_ES\" \/><input type=\"hidden\" name=\"_wpcf7_unit_tag\" value=\"wpcf7-f4-o1\" \/><input type=\"hidden\" name=\"_wpcf7_container_post\" value=\"0\" \/><input type=\"hidden\" name=\"_wpcf7_posted_data_hash\" value=\"\" \/>\n<\/fieldset>\n<div>\n\t<p><span class=\"wpcf7-form-control-wrap\" data-name=\"your-name\"><input size=\"40\" maxlength=\"400\" class=\"wpcf7-form-control wpcf7-text wpcf7-validates-as-required\" aria-required=\"true\" aria-invalid=\"false\" placeholder=\"Name*\" value=\"\" type=\"text\" name=\"your-name\" \/><\/span>\n\t<\/p>\n<\/div>\n<div>\n\t<p><span class=\"wpcf7-form-control-wrap\" data-name=\"your-subject\"><input size=\"40\" maxlength=\"400\" class=\"wpcf7-form-control wpcf7-text\" aria-invalid=\"false\" placeholder=\"Last name\" value=\"\" type=\"text\" name=\"your-subject\" \/><\/span>\n\t<\/p>\n<\/div>\n<div>\n\t<p><span class=\"wpcf7-form-control-wrap\" data-name=\"your-email\"><input size=\"40\" maxlength=\"400\" class=\"wpcf7-form-control wpcf7-email wpcf7-validates-as-required wpcf7-text wpcf7-validates-as-email\" aria-required=\"true\" aria-invalid=\"false\" placeholder=\"Email*\" value=\"\" type=\"email\" name=\"your-email\" \/><\/span>\n\t<\/p>\n<\/div>\n<div>\n\t<p><label><span class=\"wpcf7-form-control-wrap\" data-name=\"tel-801\"><input size=\"40\" maxlength=\"400\" class=\"wpcf7-form-control wpcf7-tel wpcf7-text wpcf7-validates-as-tel\" aria-invalid=\"false\" placeholder=\"Phone number\" value=\"\" type=\"tel\" name=\"tel-801\" \/><\/span><\/label>\n\t<\/p>\n<\/div>\n<div class=\"w_100\">\n\t<p><label><span class=\"wpcf7-form-control-wrap\" data-name=\"your-message\"><textarea cols=\"40\" rows=\"4\" maxlength=\"2000\" class=\"wpcf7-form-control wpcf7-textarea\" aria-invalid=\"false\" placeholder=\"How can we help you?\" name=\"your-message\"><\/textarea><\/span><\/label>\n\t<\/p>\n<\/div>\n<div class=\"icons\">\n\t<p>How would you prefer us to contact you?\n\t<\/p>\n\t<p><span class=\"wpcf7-form-control-wrap\" data-name=\"checkbox-34\"><span class=\"wpcf7-form-control wpcf7-checkbox\"><span class=\"wpcf7-list-item first\"><input type=\"checkbox\" name=\"checkbox-34[]\" value=\"Tel\u00e9fono\" \/><span class=\"wpcf7-list-item-label\">Phone number<\/span><\/span><span class=\"wpcf7-list-item last\"><input type=\"checkbox\" name=\"checkbox-34[]\" value=\"Email\" \/><span class=\"wpcf7-list-item-label\">Email<\/span><\/span><\/span><\/span>\n\t<\/p>\n<\/div>\n<div class=\"clausulas\">\n\t<p>Under Article 5 of Law 15\/1999, which regulates the right to information in data collection, you are informed about the following points:<br \/>\nController: The data controller is Oller Clinic.<br \/>\nPurpose: Sending information, responding to your inquiries and requests, for the duration of our relationship and with your consent.<br \/>\nLegitimation: Consent of the data subject.<br \/>\nRecipients: Data will not be disclosed to third parties unless required by law.<br \/>\nRights: You can exercise the rights of access, rectification, erasure, and portability of your data, as well as the restriction or objection to its processing by submitting a written request along with a copy of an official identification document, addressed to the Data Controller. In case of disagreement with the processing, you also have the right to lodge a complaint with the Spanish Data Protection Agency.\n\t<\/p>\n<\/div>\n<div class=\"form_ac\">\n\t<p><span class=\"wpcf7-form-control-wrap\" data-name=\"acceptance-234\"><span class=\"wpcf7-form-control wpcf7-acceptance\"><span class=\"wpcf7-list-item\"><label><input type=\"checkbox\" name=\"acceptance-234\" value=\"1\" aria-invalid=\"false\" \/><span class=\"wpcf7-list-item-label\">I have read and I agree to the <a href=\"https:\/\/www.ollerclinic.com\/en\/politica-de-privacidad\/\" target=\"_blank\">privacy policy<\/a><\/span><\/label><\/span><\/span><\/span>\n\t<\/p>\n<\/div>\n<div class=\"btn_submit\">\n\t<p><input class=\"wpcf7-form-control wpcf7-submit has-spinner\" type=\"submit\" value=\"Enviar\" \/>\n\t<\/p>\n<\/div>\n<div class=\"w_100\">\n<div class=\"wpcf7-turnstile cf-turnstile\" data-sitekey=\"0x4AAAAAABoJwo2RhaculERt\" data-response-field-name=\"_wpcf7_turnstile_response\"><\/div>\n<\/div><div class=\"wpcf7-response-output\" aria-hidden=\"true\"><\/div>\n<input type=\"hidden\" name=\"trp-form-language\" value=\"en\"\/><\/form>\n<\/div>\n\n\t\t\t<\/div> \n\t\t<\/div>\n\t<\/div> \n<\/div><\/div>","protected":false},"excerpt":{"rendered":"CIRUG\u00cdA EST\u00c9TICA Cirug\u00eda de mamas Los pechos son una de las partes del cuerpo que nos definen como tal y a la que damos m\u00e1s importancia. Demasiado grandes, demasiado peque\u00f1os...","protected":false},"author":1,"featured_media":0,"parent":98,"menu_order":0,"comment_status":"closed","ping_status":"closed","template":"","meta":{"footnotes":""},"class_list":["post-432","page","type-page","status-publish"],"_links":{"self":[{"href":"https:\/\/www.ollerclinic.com\/en\/wp-json\/wp\/v2\/pages\/432","targetHints":{"allow":["GET"]}}],"collection":[{"href":"https:\/\/www.ollerclinic.com\/en\/wp-json\/wp\/v2\/pages"}],"about":[{"href":"https:\/\/www.ollerclinic.com\/en\/wp-json\/wp\/v2\/types\/page"}],"author":[{"embeddable":true,"href":"https:\/\/www.ollerclinic.com\/en\/wp-json\/wp\/v2\/users\/1"}],"replies":[{"embeddable":true,"href":"https:\/\/www.ollerclinic.com\/en\/wp-json\/wp\/v2\/comments?post=432"}],"version-history":[{"count":10,"href":"https:\/\/www.ollerclinic.com\/en\/wp-json\/wp\/v2\/pages\/432\/revisions"}],"predecessor-version":[{"id":1340,"href":"https:\/\/www.ollerclinic.com\/en\/wp-json\/wp\/v2\/pages\/432\/revisions\/1340"}],"up":[{"embeddable":true,"href":"https:\/\/www.ollerclinic.com\/en\/wp-json\/wp\/v2\/pages\/98"}],"wp:attachment":[{"href":"https:\/\/www.ollerclinic.com\/en\/wp-json\/wp\/v2\/media?parent=432"}],"curies":[{"name":"wp","href":"https:\/\/api.w.org\/{rel}","templated":true}]}}