{"id":364,"date":"2018-02-15T19:20:16","date_gmt":"2018-02-15T17:20:16","guid":{"rendered":"http:\/\/www.ollerclinic.com\/?page_id=364"},"modified":"2025-08-07T10:22:32","modified_gmt":"2025-08-07T08:22:32","slug":"la-clinica","status":"publish","type":"page","link":"https:\/\/www.ollerclinic.com\/en\/la-clinica\/","title":{"rendered":"The clinic"},"content":{"rendered":"<div id=\"top_clinica\"  data-column-margin=\"default\" data-midnight=\"dark\"  class=\"wpb_row vc_row-fluid vc_row\"  style=\"padding-top: 50px; padding-bottom: 0px; \"><div class=\"row-bg-wrap\" data-bg-animation=\"none\" data-bg-animation-delay=\"\" data-bg-overlay=\"false\"><div class=\"inner-wrap row-bg-layer\" ><div class=\"row-bg viewport-desktop\"  style=\"\"><\/div><\/div><\/div><div class=\"row_col_wrap_12 col span_12 dark left\">\n\t<div  class=\"vc_col-sm-8 vc_col-sm-offset-0 wpb_column column_container vc_column_container col padding-10-percent inherit_tablet inherit_phone\"  data-padding-pos=\"top\" data-has-bg-color=\"false\" data-bg-color=\"\" data-bg-opacity=\"1\" data-animation=\"\" data-delay=\"0\" >\n\t\t<div class=\"vc_column-inner\" >\n\t\t\t<div class=\"wpb_wrapper\">\n\t\t\t\t\n<div class=\"wpb_text_column wpb_content_element\" >\n\t<div class=\"wpb_wrapper\">\n\t\t<h1>The clinic<\/h1>\n<h2>La cl\u00ednica Dr. Oller es un centro con m\u00e1s de 30 a\u00f1os de experiencia en el campo de la Nutrici\u00f3n y la Medicina Est\u00e9tica.<\/h2>\n\t<\/div>\n<\/div>\n\n\n\n\n\t\t\t<\/div> \n\t\t<\/div>\n\t<\/div> \n\n\t<div  class=\"vc_col-sm-4 wpb_column column_container vc_column_container col no-extra-padding inherit_tablet inherit_phone\"  data-padding-pos=\"all\" data-has-bg-color=\"false\" data-bg-color=\"\" data-bg-opacity=\"1\" data-animation=\"\" data-delay=\"0\" >\n\t\t<div class=\"vc_column-inner\" >\n\t\t\t<div class=\"wpb_wrapper\">\n\t\t\t\t<div class=\"img-with-aniamtion-wrap\" data-max-width=\"175%\" data-max-width-mobile=\"default\" data-shadow=\"none\" data-animation=\"fade-in\" >\n      <div class=\"inner\">\n        <div class=\"hover-wrap\"> \n          <div class=\"hover-wrap-inner\">\n            <img loading=\"lazy\" decoding=\"async\" class=\"img-with-animation skip-lazy\" data-delay=\"0\" height=\"1000\" width=\"1500\" data-animation=\"fade-in\" src=\"https:\/\/www.ollerclinic.com\/wp-content\/uploads\/2018\/02\/IMG_6609.jpg\" alt=\"\" srcset=\"https:\/\/www.ollerclinic.com\/wp-content\/uploads\/2018\/02\/IMG_6609.jpg 1500w, https:\/\/www.ollerclinic.com\/wp-content\/uploads\/2018\/02\/IMG_6609-300x200.jpg 300w, https:\/\/www.ollerclinic.com\/wp-content\/uploads\/2018\/02\/IMG_6609-768x512.jpg 768w, https:\/\/www.ollerclinic.com\/wp-content\/uploads\/2018\/02\/IMG_6609-1024x683.jpg 1024w, https:\/\/www.ollerclinic.com\/wp-content\/uploads\/2018\/02\/IMG_6609-900x600.jpg 900w\" sizes=\"auto, (max-width: 1500px) 100vw, 1500px\" \/>\n          <\/div>\n        <\/div>\n      <\/div>\n    <\/div>\n\t\t\t<\/div> \n\t\t<\/div>\n\t<\/div> \n<\/div><\/div>\n\t\t<div id=\"fws_6a059c703206a\"  data-column-margin=\"default\" data-midnight=\"dark\"  class=\"wpb_row vc_row-fluid vc_row\"  style=\"padding-top: 0px; padding-bottom: 0px; \"><div class=\"row-bg-wrap\" data-bg-animation=\"none\" data-bg-animation-delay=\"\" data-bg-overlay=\"false\"><div class=\"inner-wrap row-bg-layer\" ><div class=\"row-bg viewport-desktop\"  style=\"\"><\/div><\/div><\/div><div class=\"row_col_wrap_12 col span_12 dark left\">\n\t<div  class=\"vc_col-sm-12 wpb_column column_container vc_column_container col padding-5-percent inherit_tablet inherit_phone\"  data-padding-pos=\"top\" data-has-bg-color=\"false\" data-bg-color=\"\" data-bg-opacity=\"1\" data-animation=\"\" data-delay=\"0\" >\n\t\t<div class=\"vc_column-inner\" >\n\t\t\t<div class=\"wpb_wrapper\">\n\t\t\t\t\n<div class=\"wpb_text_column wpb_content_element\" style=\" max-width: 1000px; display: inline-block;\">\n\t<div class=\"wpb_wrapper\">\n\t\t<p>Our philosophy is based on providing the highest quality and effectiveness in aesthetic and health treatments, with the sole objective of achieving the best results and thereby ensuring the utmost satisfaction of all our patients.<\/p>\n<p>Actualmente contamos con un servicio de Fisioterapia que, de la misma manera, ofrece diferentes t\u00e9cnicas y tratamientos que buscan y comparten el mismo objetivo.<\/p>\n<p>Acudir a nuestra cl\u00ednica implica seguridad, calidad y exclusividad para cada uno de nuestros pacientes.<\/p>\n<p>Nuestra misi\u00f3n es resolver de manera global cualquier inquietud m\u00e9dico-est\u00e9tica por medio de los diferentes profesionales que conforman la cl\u00ednica Dr. Oller, mejorando la calidad de vida de las personas, contando con las t\u00e9cnicas m\u00e1s eficaces y los profesionales mejor preparados que garantizan la mayor seguridad, calidad y bienestar de nuestros pacientes.<\/p>\n<p>Estar cerca del paciente, realizar nuestro trabajo con pasi\u00f3n, dedicaci\u00f3n y entusiasmo forman parte de los valores de la cl\u00ednica Dr. Oller.<\/p>\n\t<\/div>\n<\/div>\n\n\n\n\n\t\t\t<\/div> \n\t\t<\/div>\n\t<\/div> \n<\/div><\/div>\n\t\t<div id=\"fws_6a059c70321ed\"  data-column-margin=\"default\" data-midnight=\"dark\"  class=\"wpb_row vc_row-fluid vc_row\"  style=\"padding-top: 40px; padding-bottom: 0px; \"><div class=\"row-bg-wrap\" data-bg-animation=\"none\" data-bg-animation-delay=\"\" data-bg-overlay=\"false\"><div class=\"inner-wrap row-bg-layer\" ><div class=\"row-bg viewport-desktop\"  style=\"\"><\/div><\/div><\/div><div class=\"row_col_wrap_12 col span_12 dark left\">\n\t<div  class=\"vc_col-sm-12 wpb_column column_container vc_column_container col no-extra-padding inherit_tablet inherit_phone\"  data-padding-pos=\"all\" data-has-bg-color=\"false\" data-bg-color=\"\" data-bg-opacity=\"1\" data-animation=\"\" data-delay=\"0\" >\n\t\t<div class=\"vc_column-inner\" >\n\t\t\t<div class=\"wpb_wrapper\">\n\t\t\t\t\n\t<div class=\"wpb_gallery wpb_content_element clearfix\">\n\t\t<div class=\"wpb_wrapper\"><div class=\"wpb_gallery_slidesimage_grid\" data-onclick=\"link_image\" data-interval=\"5\">\n\n\t<div class=\"portfolio-wrap\">\n\n\t\t\t<span class=\"portfolio-loading\"><\/span>\n\n\t\t\t<div class=\"row portfolio-items masonry-items\" data-starting-filter=\"\" data-gutter=\"default\" data-masonry-type=\"default\" data-bypass-cropping=\"\"  data-ps=\"2\" data-loading=\"default\" data-categories-to-show=\"\" data-col-num=\"cols-3\">\n\n\n\n\t\n\t\t\t\t\t\t\t<div class=\"col span_4 tall element\" data-project-cat=\"\" data-default-color=\"true\" data-title-color=\"\" data-subtitle-color=\"\">\n\n\t\t\t\t\t\t\t<div class=\"inner-wrap animated\" data-animation=\"none\">\n\n\t\t\t\t\t\t\t\n\t\t\t\t\t\t\t<div class=\"work-item style-2\">\n\n\t\t\t\t\t\t\t\t<img loading=\"lazy\" decoding=\"async\" width=\"1037\" height=\"1186\" src=\"https:\/\/www.ollerclinic.com\/wp-content\/uploads\/2018\/06\/IMG_6444.jpg\" class=\"skip-lazy top-level-image attachment-full\" alt=\"\" title=\"IMG_6444\" srcset=\"https:\/\/www.ollerclinic.com\/wp-content\/uploads\/2018\/06\/IMG_6444.jpg 1037w, https:\/\/www.ollerclinic.com\/wp-content\/uploads\/2018\/06\/IMG_6444-262x300.jpg 262w, https:\/\/www.ollerclinic.com\/wp-content\/uploads\/2018\/06\/IMG_6444-768x878.jpg 768w, https:\/\/www.ollerclinic.com\/wp-content\/uploads\/2018\/06\/IMG_6444-895x1024.jpg 895w\" sizes=\"auto, (max-width: 1037px) 100vw, 1037px\" \/>\n\t\t\t\t\t\t\t\t<div class=\"work-info-bg\"><\/div>\n\t\t\t\t\t\t\t\t<div class=\"work-info\">\n\n\n\t\t\t\t\t\t\t\t\t\t\t\t\t\t\t\t\t   \t\t\t <a href=\"https:\/\/www.ollerclinic.com\/wp-content\/uploads\/2018\/06\/IMG_6444.jpg\" class=\"pretty_photo\"><span class=\"screen-reader-text\">IMG_6444<\/span><\/a>\n\t\t\t\t\t\t\t\t   \t\t\n\t\t\t\t\t\t\t\t\t\t<div class=\"vert-center\">\n\t\t\t\t\t\t\t\t\t\t\t\t\t\t\t\t\t\t\t\t\t<\/div><!--\/vert-center-->\n\n\t\t\t\t\t\t\t\t\t\n\n\t\t\t\t\t\t\t\t<\/div>\n\t\t\t\t\t\t\t<\/div><!--work-item-->\n\n\t\t\t\t\t\t\n\n\t\t\t\t\t\t<\/div><\/div> \n\t\t\t\t\t\t\n\t\t\t\t\t\t\t<div class=\"col span_4 wide_tall element\" data-project-cat=\"\" data-default-color=\"true\" data-title-color=\"\" data-subtitle-color=\"\">\n\n\t\t\t\t\t\t\t<div class=\"inner-wrap animated\" data-animation=\"none\">\n\n\t\t\t\t\t\t\t\n\t\t\t\t\t\t\t<div class=\"work-item style-2\">\n\n\t\t\t\t\t\t\t\t<img loading=\"lazy\" decoding=\"async\" width=\"1500\" height=\"1000\" src=\"https:\/\/www.ollerclinic.com\/wp-content\/uploads\/2018\/02\/IMG_6427.jpg\" class=\"skip-lazy top-level-image attachment-full\" alt=\"\" title=\"IMG_6427\" srcset=\"https:\/\/www.ollerclinic.com\/wp-content\/uploads\/2018\/02\/IMG_6427.jpg 1500w, https:\/\/www.ollerclinic.com\/wp-content\/uploads\/2018\/02\/IMG_6427-300x200.jpg 300w, https:\/\/www.ollerclinic.com\/wp-content\/uploads\/2018\/02\/IMG_6427-768x512.jpg 768w, https:\/\/www.ollerclinic.com\/wp-content\/uploads\/2018\/02\/IMG_6427-1024x683.jpg 1024w, https:\/\/www.ollerclinic.com\/wp-content\/uploads\/2018\/02\/IMG_6427-900x600.jpg 900w\" sizes=\"auto, (max-width: 1500px) 100vw, 1500px\" \/>\n\t\t\t\t\t\t\t\t<div class=\"work-info-bg\"><\/div>\n\t\t\t\t\t\t\t\t<div class=\"work-info\">\n\n\n\t\t\t\t\t\t\t\t\t\t\t\t\t\t\t\t\t   \t\t\t <a href=\"https:\/\/www.ollerclinic.com\/wp-content\/uploads\/2018\/02\/IMG_6427.jpg\" class=\"pretty_photo\"><span class=\"screen-reader-text\">IMG_6427<\/span><\/a>\n\t\t\t\t\t\t\t\t   \t\t\n\t\t\t\t\t\t\t\t\t\t<div class=\"vert-center\">\n\t\t\t\t\t\t\t\t\t\t\t\t\t\t\t\t\t\t\t\t\t<\/div><!--\/vert-center-->\n\n\t\t\t\t\t\t\t\t\t\n\n\t\t\t\t\t\t\t\t<\/div>\n\t\t\t\t\t\t\t<\/div><!--work-item-->\n\n\t\t\t\t\t\t\n\n\t\t\t\t\t\t<\/div><\/div> \n\t\t\t\t\t\t\n\t\t\t\t\t\t\t<div class=\"col span_4 regular element\" data-project-cat=\"\" data-default-color=\"true\" data-title-color=\"\" data-subtitle-color=\"\">\n\n\t\t\t\t\t\t\t<div class=\"inner-wrap animated\" data-animation=\"none\">\n\n\t\t\t\t\t\t\t\n\t\t\t\t\t\t\t<div class=\"work-item style-2\">\n\n\t\t\t\t\t\t\t\t<img loading=\"lazy\" decoding=\"async\" width=\"1500\" height=\"1500\" src=\"https:\/\/www.ollerclinic.com\/wp-content\/uploads\/2018\/06\/IMG_6589.jpg\" class=\"skip-lazy top-level-image attachment-full\" alt=\"\" title=\"IMG_6589\" srcset=\"https:\/\/www.ollerclinic.com\/wp-content\/uploads\/2018\/06\/IMG_6589.jpg 1500w, https:\/\/www.ollerclinic.com\/wp-content\/uploads\/2018\/06\/IMG_6589-150x150.jpg 150w, https:\/\/www.ollerclinic.com\/wp-content\/uploads\/2018\/06\/IMG_6589-300x300.jpg 300w, https:\/\/www.ollerclinic.com\/wp-content\/uploads\/2018\/06\/IMG_6589-768x768.jpg 768w, https:\/\/www.ollerclinic.com\/wp-content\/uploads\/2018\/06\/IMG_6589-1024x1024.jpg 1024w, https:\/\/www.ollerclinic.com\/wp-content\/uploads\/2018\/06\/IMG_6589-100x100.jpg 100w, https:\/\/www.ollerclinic.com\/wp-content\/uploads\/2018\/06\/IMG_6589-140x140.jpg 140w, https:\/\/www.ollerclinic.com\/wp-content\/uploads\/2018\/06\/IMG_6589-500x500.jpg 500w, https:\/\/www.ollerclinic.com\/wp-content\/uploads\/2018\/06\/IMG_6589-350x350.jpg 350w, https:\/\/www.ollerclinic.com\/wp-content\/uploads\/2018\/06\/IMG_6589-1000x1000.jpg 1000w, https:\/\/www.ollerclinic.com\/wp-content\/uploads\/2018\/06\/IMG_6589-800x800.jpg 800w\" sizes=\"auto, (max-width: 1500px) 100vw, 1500px\" \/>\n\t\t\t\t\t\t\t\t<div class=\"work-info-bg\"><\/div>\n\t\t\t\t\t\t\t\t<div class=\"work-info\">\n\n\n\t\t\t\t\t\t\t\t\t\t\t\t\t\t\t\t\t   \t\t\t <a href=\"https:\/\/www.ollerclinic.com\/wp-content\/uploads\/2018\/06\/IMG_6589.jpg\" class=\"pretty_photo\"><span class=\"screen-reader-text\">IMG_6589<\/span><\/a>\n\t\t\t\t\t\t\t\t   \t\t\n\t\t\t\t\t\t\t\t\t\t<div class=\"vert-center\">\n\t\t\t\t\t\t\t\t\t\t\t\t\t\t\t\t\t\t\t\t\t<\/div><!--\/vert-center-->\n\n\t\t\t\t\t\t\t\t\t\n\n\t\t\t\t\t\t\t\t<\/div>\n\t\t\t\t\t\t\t<\/div><!--work-item-->\n\n\t\t\t\t\t\t\n\n\t\t\t\t\t\t<\/div><\/div> \n\t\t\t\t\t\t\n\t\t\t\t\t\t\t<div class=\"col span_4 wide_tall element\" data-project-cat=\"\" data-default-color=\"true\" data-title-color=\"\" data-subtitle-color=\"\">\n\n\t\t\t\t\t\t\t<div class=\"inner-wrap animated\" data-animation=\"none\">\n\n\t\t\t\t\t\t\t\n\t\t\t\t\t\t\t<div class=\"work-item style-2\">\n\n\t\t\t\t\t\t\t\t<img loading=\"lazy\" decoding=\"async\" width=\"1500\" height=\"1000\" src=\"https:\/\/www.ollerclinic.com\/wp-content\/uploads\/2018\/02\/IMG_6609.jpg\" class=\"skip-lazy top-level-image attachment-full\" alt=\"\" title=\"IMG_6609\" srcset=\"https:\/\/www.ollerclinic.com\/wp-content\/uploads\/2018\/02\/IMG_6609.jpg 1500w, https:\/\/www.ollerclinic.com\/wp-content\/uploads\/2018\/02\/IMG_6609-300x200.jpg 300w, https:\/\/www.ollerclinic.com\/wp-content\/uploads\/2018\/02\/IMG_6609-768x512.jpg 768w, https:\/\/www.ollerclinic.com\/wp-content\/uploads\/2018\/02\/IMG_6609-1024x683.jpg 1024w, https:\/\/www.ollerclinic.com\/wp-content\/uploads\/2018\/02\/IMG_6609-900x600.jpg 900w\" sizes=\"auto, (max-width: 1500px) 100vw, 1500px\" \/>\n\t\t\t\t\t\t\t\t<div class=\"work-info-bg\"><\/div>\n\t\t\t\t\t\t\t\t<div class=\"work-info\">\n\n\n\t\t\t\t\t\t\t\t\t\t\t\t\t\t\t\t\t   \t\t\t <a href=\"https:\/\/www.ollerclinic.com\/wp-content\/uploads\/2018\/02\/IMG_6609.jpg\" class=\"pretty_photo\"><span class=\"screen-reader-text\">IMG_6609<\/span><\/a>\n\t\t\t\t\t\t\t\t   \t\t\n\t\t\t\t\t\t\t\t\t\t<div class=\"vert-center\">\n\t\t\t\t\t\t\t\t\t\t\t\t\t\t\t\t\t\t\t\t\t<\/div><!--\/vert-center-->\n\n\t\t\t\t\t\t\t\t\t\n\n\t\t\t\t\t\t\t\t<\/div>\n\t\t\t\t\t\t\t<\/div><!--work-item-->\n\n\t\t\t\t\t\t\n\n\t\t\t\t\t\t<\/div><\/div> \n\t\t\t\t\t\t<\/div><\/div><\/div>\n\t\t<\/div> \n\t<\/div> \n\t\t\t<\/div> \n\t\t<\/div>\n\t<\/div> \n<\/div><\/div>\n\t\t<div id=\"fws_6a059c7033804\"  data-column-margin=\"default\" data-midnight=\"dark\"  class=\"wpb_row vc_row-fluid vc_row\"  style=\"padding-top: 0px; padding-bottom: 0px; \"><div class=\"row-bg-wrap\" data-bg-animation=\"none\" data-bg-animation-delay=\"\" data-bg-overlay=\"false\"><div class=\"inner-wrap row-bg-layer\" ><div class=\"row-bg viewport-desktop\"  style=\"\"><\/div><\/div><\/div><div class=\"row_col_wrap_12 col span_12 dark left\">\n\t<div  class=\"vc_col-sm-12 wpb_column column_container vc_column_container col no-extra-padding inherit_tablet inherit_phone\"  data-padding-pos=\"all\" data-has-bg-color=\"false\" data-bg-color=\"\" data-bg-opacity=\"1\" data-animation=\"\" data-delay=\"0\" >\n\t\t<div class=\"vc_column-inner\" >\n\t\t\t<div class=\"wpb_wrapper\">\n\t\t\t\t\n<div class=\"wpb_text_column wpb_content_element\" >\n\t<div class=\"wpb_wrapper\">\n\t\t<h2 style=\"text-align: center;\">Nuestro equipo<\/h2>\n\t<\/div>\n<\/div>\n\n\n\n\n\t\t\t<\/div> \n\t\t<\/div>\n\t<\/div> \n<\/div><\/div>\n\t\t<div id=\"fws_6a059c7033931\"  data-column-margin=\"default\" data-midnight=\"dark\"  class=\"wpb_row vc_row-fluid vc_row\"  style=\"padding-top: 0px; padding-bottom: 0px; \"><div class=\"row-bg-wrap\" data-bg-animation=\"none\" data-bg-animation-delay=\"\" data-bg-overlay=\"false\"><div class=\"inner-wrap row-bg-layer\" ><div class=\"row-bg viewport-desktop\"  style=\"\"><\/div><\/div><\/div><div class=\"row_col_wrap_12 col span_12 dark left\">\n\t<div style=\"\" class=\"vc_col-sm-6 wpb_column column_container vc_column_container col no-extra-padding inherit_tablet inherit_phone\" data-using-bg=\"true\" data-padding-pos=\"all\" data-has-bg-color=\"false\" data-bg-color=\"\" data-bg-opacity=\"1\" data-animation=\"\" data-delay=\"0\" >\n\t\t<div class=\"vc_column-inner\" ><div class=\"column-image-bg-wrap column-bg-layer viewport-desktop\" data-bg-pos=\"center center\" data-bg-animation=\"none\" data-bg-overlay=\"false\"><div class=\"inner-wrap\"><div class=\"column-image-bg\" style=\" background-image: url('https:\/\/www.ollerclinic.com\/wp-content\/uploads\/2018\/02\/doctores.jpg'); \"><\/div><\/div><\/div>\n\t\t\t<div class=\"wpb_wrapper\">\n\t\t\t\t<div class=\"img-with-aniamtion-wrap\" data-max-width=\"100%\" data-max-width-mobile=\"default\" data-shadow=\"none\" data-animation=\"fade-in\" >\n      <div class=\"inner\">\n        <div class=\"hover-wrap\"> \n          <div class=\"hover-wrap-inner\">\n            <a href=\"https:\/\/www.ollerclinic.com\/en\/dr-jose-a-oller-montes\/\" target=\"_self\" class=\"\">\n              <img loading=\"lazy\" decoding=\"async\" class=\"img-with-animation skip-lazy\" data-delay=\"0\" height=\"723\" width=\"1001\" data-animation=\"fade-in\" src=\"https:\/\/www.ollerclinic.com\/wp-content\/uploads\/2018\/02\/droller.jpg\" alt=\"\" srcset=\"https:\/\/www.ollerclinic.com\/wp-content\/uploads\/2018\/02\/droller.jpg 1001w, https:\/\/www.ollerclinic.com\/wp-content\/uploads\/2018\/02\/droller-300x217.jpg 300w, https:\/\/www.ollerclinic.com\/wp-content\/uploads\/2018\/02\/droller-768x555.jpg 768w, https:\/\/www.ollerclinic.com\/wp-content\/uploads\/2018\/02\/droller-1000x723.jpg 1000w\" sizes=\"auto, (max-width: 1001px) 100vw, 1001px\" \/>\n            <\/a>\n          <\/div>\n        <\/div>\n      <\/div>\n      <\/div>\n\t\t\t<\/div> \n\t\t<\/div>\n\t<\/div> \n\n\t<div  class=\"vc_col-sm-6 wpb_column column_container vc_column_container col no-extra-padding inherit_tablet inherit_phone\"  data-padding-pos=\"all\" data-has-bg-color=\"false\" data-bg-color=\"\" data-bg-opacity=\"1\" data-animation=\"\" data-delay=\"0\" >\n\t\t<div class=\"vc_column-inner\" >\n\t\t\t<div class=\"wpb_wrapper\">\n\t\t\t\t<div class=\"img-with-aniamtion-wrap\" data-max-width=\"100%\" data-max-width-mobile=\"default\" data-shadow=\"none\" data-animation=\"fade-in\" >\n      <div class=\"inner\">\n        <div class=\"hover-wrap\"> \n          <div class=\"hover-wrap-inner\">\n            <img loading=\"lazy\" decoding=\"async\" class=\"img-with-animation skip-lazy\" data-delay=\"0\" height=\"723\" width=\"1001\" data-animation=\"fade-in\" src=\"https:\/\/www.ollerclinic.com\/wp-content\/uploads\/2018\/02\/mercedes.jpg\" alt=\"\" srcset=\"https:\/\/www.ollerclinic.com\/wp-content\/uploads\/2018\/02\/mercedes.jpg 1001w, https:\/\/www.ollerclinic.com\/wp-content\/uploads\/2018\/02\/mercedes-300x217.jpg 300w, https:\/\/www.ollerclinic.com\/wp-content\/uploads\/2018\/02\/mercedes-768x555.jpg 768w, https:\/\/www.ollerclinic.com\/wp-content\/uploads\/2018\/02\/mercedes-1000x723.jpg 1000w\" sizes=\"auto, (max-width: 1001px) 100vw, 1001px\" \/>\n          <\/div>\n        <\/div>\n      <\/div>\n    <\/div>\n\t\t\t<\/div> \n\t\t<\/div>\n\t<\/div> \n<\/div><\/div>\n\t\t<div id=\"fila1home\"  data-column-margin=\"default\" data-midnight=\"dark\"  class=\"wpb_row vc_row-fluid vc_row full-width-content vc_row-o-equal-height vc_row-flex fullgrid\"  style=\"padding-top: 80px; padding-bottom: 0px; \"><div class=\"row-bg-wrap\" data-bg-animation=\"none\" data-bg-animation-delay=\"\" data-bg-overlay=\"false\"><div class=\"inner-wrap row-bg-layer\" ><div class=\"row-bg viewport-desktop\"  style=\"\"><\/div><\/div><\/div><div class=\"row_col_wrap_12 col span_12 dark left\">\n\t<div style=\"\" class=\"vc_col-sm-4 home_bottom wpb_column column_container vc_column_container col padding-5-percent inherit_tablet inherit_phone\" data-using-bg=\"true\" data-padding-pos=\"all\" data-has-bg-color=\"false\" data-bg-color=\"\" data-bg-opacity=\"1\" data-animation=\"\" data-delay=\"0\" >\n\t\t<div class=\"vc_column-inner\" ><a class=\"column-link\" target=\"_self\" href=\"https:\/\/www.ollerclinic.com\/en\/medicina-estetica\/\"><\/a><div class=\"column-image-bg-wrap column-bg-layer viewport-desktop\" data-bg-pos=\"center center\" data-bg-animation=\"none\" data-bg-overlay=\"false\"><div class=\"inner-wrap\"><div class=\"column-image-bg\" style=\" background-image: url('https:\/\/www.ollerclinic.com\/wp-content\/uploads\/2018\/05\/thumb_medicinaestetica_ibiza.jpg'); \"><\/div><\/div><\/div>\n\t\t\t<div class=\"wpb_wrapper\">\n\t\t\t\t\n<div class=\"wpb_text_column wpb_content_element\" >\n\t<div class=\"wpb_wrapper\">\n\t\t<h2><span style=\"color: #183c4d;\">Aesthetic Medicine<\/span><\/h2>\n\t<\/div>\n<\/div>\n\n\n\n<a class=\"nectar-button medium regular accent-color  regular-button\"  aria-label=\"More information\" role=\"button\" style=\"margin-top: 10px; color: #ffffff; background-color: #183c4d;\"  href=\"https:\/\/www.ollerclinic.com\/en\/medicina-estetica\/\" data-color-override=\"#183c4d\" data-hover-color-override=\"false\" data-hover-text-color-override=\"#fff\"><span>More information<\/span><\/a>\n\t\t\t<\/div> \n\t\t<\/div>\n\t<\/div> \n\n\t<div style=\"\" class=\"vc_col-sm-4 home_top wpb_column column_container vc_column_container col padding-5-percent inherit_tablet inherit_phone\" data-using-bg=\"true\" data-padding-pos=\"all\" data-has-bg-color=\"false\" data-bg-color=\"\" data-bg-opacity=\"1\" data-animation=\"\" data-delay=\"0\" >\n\t\t<div class=\"vc_column-inner\" ><a class=\"column-link\" target=\"_self\" href=\"https:\/\/www.ollerclinic.com\/en\/fisioterapia\/\"><\/a><div class=\"column-image-bg-wrap column-bg-layer viewport-desktop\" data-bg-pos=\"center center\" data-bg-animation=\"none\" data-bg-overlay=\"false\"><div class=\"inner-wrap\"><div class=\"column-image-bg\" style=\" background-image: url('https:\/\/www.ollerclinic.com\/wp-content\/uploads\/2018\/05\/thumb_fisioterapia_ibiza.jpg'); \"><\/div><\/div><\/div>\n\t\t\t<div class=\"wpb_wrapper\">\n\t\t\t\t\n<div class=\"wpb_text_column wpb_content_element\" >\n\t<div class=\"wpb_wrapper\">\n\t\t<h2><span style=\"color: #183c4d;\">Physiotherapy<\/span><\/h2>\n\t<\/div>\n<\/div>\n\n\n\n<a class=\"nectar-button medium regular accent-color  regular-button\"  aria-label=\"More information\" role=\"button\" style=\"margin-top: 10px; color: #ffffff; background-color: #183c4d;\"  href=\"https:\/\/www.ollerclinic.com\/en\/fisioterapia\/\" data-color-override=\"#183c4d\" data-hover-color-override=\"false\" data-hover-text-color-override=\"#fff\"><span>More information<\/span><\/a>\n\t\t\t<\/div> \n\t\t<\/div>\n\t<\/div> \n\n\t<div style=\"\" class=\"vc_col-sm-4 home_top wpb_column column_container vc_column_container col padding-5-percent inherit_tablet inherit_phone\" data-using-bg=\"true\" data-padding-pos=\"all\" data-has-bg-color=\"false\" data-bg-color=\"\" data-bg-opacity=\"1\" data-animation=\"\" data-delay=\"0\" >\n\t\t<div class=\"vc_column-inner\" ><a class=\"column-link\" target=\"_self\" href=\"https:\/\/www.ollerclinic.com\/en\/nutricion\/\"><\/a><div class=\"column-image-bg-wrap column-bg-layer viewport-desktop\" data-bg-pos=\"center center\" data-bg-animation=\"none\" data-bg-overlay=\"false\"><div class=\"inner-wrap\"><div class=\"column-image-bg\" style=\" background-image: url('https:\/\/www.ollerclinic.com\/wp-content\/uploads\/2018\/05\/thumb_nutricion_ibiza.jpg'); \"><\/div><\/div><\/div>\n\t\t\t<div class=\"wpb_wrapper\">\n\t\t\t\t\n<div class=\"wpb_text_column wpb_content_element\" >\n\t<div class=\"wpb_wrapper\">\n\t\t<h2><span style=\"color: #183c4d;\">Nutrition<\/span><\/h2>\n\t<\/div>\n<\/div>\n\n\n\n<a class=\"nectar-button medium regular accent-color  regular-button\"  aria-label=\"More information\" role=\"button\" style=\"margin-top: 10px; color: #ffffff; background-color: #183c4d;\"  href=\"https:\/\/www.ollerclinic.com\/en\/nutricion\/\" data-color-override=\"#183c4d\" data-hover-color-override=\"false\" data-hover-text-color-override=\"#fff\"><span>More information<\/span><\/a>\n\t\t\t<\/div> \n\t\t<\/div>\n\t<\/div> \n<\/div><\/div>","protected":false},"excerpt":{"rendered":"La cl\u00ednica La cl\u00ednica Dr. Oller es un centro con m\u00e1s de 30 a\u00f1os de experiencia en el campo de la Nutrici\u00f3n y la Medicina Est\u00e9tica. Nuestra filosof\u00eda se basa...","protected":false},"author":1,"featured_media":0,"parent":0,"menu_order":0,"comment_status":"closed","ping_status":"closed","template":"","meta":{"footnotes":""},"class_list":["post-364","page","type-page","status-publish"],"_links":{"self":[{"href":"https:\/\/www.ollerclinic.com\/en\/wp-json\/wp\/v2\/pages\/364","targetHints":{"allow":["GET"]}}],"collection":[{"href":"https:\/\/www.ollerclinic.com\/en\/wp-json\/wp\/v2\/pages"}],"about":[{"href":"https:\/\/www.ollerclinic.com\/en\/wp-json\/wp\/v2\/types\/page"}],"author":[{"embeddable":true,"href":"https:\/\/www.ollerclinic.com\/en\/wp-json\/wp\/v2\/users\/1"}],"replies":[{"embeddable":true,"href":"https:\/\/www.ollerclinic.com\/en\/wp-json\/wp\/v2\/comments?post=364"}],"version-history":[{"count":21,"href":"https:\/\/www.ollerclinic.com\/en\/wp-json\/wp\/v2\/pages\/364\/revisions"}],"predecessor-version":[{"id":1403,"href":"https:\/\/www.ollerclinic.com\/en\/wp-json\/wp\/v2\/pages\/364\/revisions\/1403"}],"wp:attachment":[{"href":"https:\/\/www.ollerclinic.com\/en\/wp-json\/wp\/v2\/media?parent=364"}],"curies":[{"name":"wp","href":"https:\/\/api.w.org\/{rel}","templated":true}]}}