{"id":242,"date":"2018-02-12T10:35:36","date_gmt":"2018-02-12T08:35:36","guid":{"rendered":"http:\/\/www.ollerclinic.com\/?page_id=242"},"modified":"2024-12-12T13:33:31","modified_gmt":"2024-12-12T11:33:31","slug":"dr-jose-a-oller-montes","status":"publish","type":"page","link":"https:\/\/www.ollerclinic.com\/en\/dr-jose-a-oller-montes\/","title":{"rendered":"Dr. Jos\u00e9 A. Oller Montes"},"content":{"rendered":"<div id=\"top_clinica\"  data-column-margin=\"default\" data-midnight=\"dark\"  class=\"wpb_row vc_row-fluid vc_row\"  style=\"padding-top: 50px; padding-bottom: 0px; \"><div class=\"row-bg-wrap\" data-bg-animation=\"none\" data-bg-animation-delay=\"\" data-bg-overlay=\"false\"><div class=\"inner-wrap row-bg-layer\" ><div class=\"row-bg viewport-desktop\"  style=\"\"><\/div><\/div><\/div><div class=\"row_col_wrap_12 col span_12 dark left\">\n\t<div  class=\"vc_col-sm-8 wpb_column column_container vc_column_container col padding-10-percent inherit_tablet inherit_phone\"  data-padding-pos=\"top\" data-has-bg-color=\"false\" data-bg-color=\"\" data-bg-opacity=\"1\" data-animation=\"\" data-delay=\"0\" >\n\t\t<div class=\"vc_column-inner\" >\n\t\t\t<div class=\"wpb_wrapper\">\n\t\t\t\t\n<div class=\"wpb_text_column wpb_content_element\" >\n\t<div class=\"wpb_wrapper\">\n\t\t<h1>Dr. Jos\u00e9 Antonio Oller Montes<\/h1>\n<h2>M\u00e1ster en Nutrici\u00f3n y ciencias de los alimentos<br \/>\nUniversidad de Barcelona<br \/>\nM\u00e1ster en Medicina Est\u00e9tica<\/h2>\n\t<\/div>\n<\/div>\n\n\n\n\n\t\t\t<\/div> \n\t\t<\/div>\n\t<\/div> \n\n\t<div  class=\"vc_col-sm-4 wpb_column column_container vc_column_container col no-extra-padding inherit_tablet inherit_phone\"  data-padding-pos=\"all\" data-has-bg-color=\"false\" data-bg-color=\"\" data-bg-opacity=\"1\" data-animation=\"\" data-delay=\"0\" >\n\t\t<div class=\"vc_column-inner\" >\n\t\t\t<div class=\"wpb_wrapper\">\n\t\t\t\t<div class=\"img-with-aniamtion-wrap\" data-max-width=\"175%\" data-max-width-mobile=\"default\" data-shadow=\"none\" data-animation=\"fade-in\" >\n      <div class=\"inner\">\n        <div class=\"hover-wrap\"> \n          <div class=\"hover-wrap-inner\">\n            <img loading=\"lazy\" decoding=\"async\" class=\"img-with-animation skip-lazy\" data-delay=\"0\" height=\"1186\" width=\"1500\" data-animation=\"fade-in\" src=\"https:\/\/www.ollerclinic.com\/wp-content\/uploads\/2018\/02\/IMG_6444.jpg\" alt=\"\" srcset=\"https:\/\/www.ollerclinic.com\/wp-content\/uploads\/2018\/02\/IMG_6444.jpg 1500w, https:\/\/www.ollerclinic.com\/wp-content\/uploads\/2018\/02\/IMG_6444-300x237.jpg 300w, https:\/\/www.ollerclinic.com\/wp-content\/uploads\/2018\/02\/IMG_6444-768x607.jpg 768w, https:\/\/www.ollerclinic.com\/wp-content\/uploads\/2018\/02\/IMG_6444-1024x810.jpg 1024w\" sizes=\"auto, (max-width: 1500px) 100vw, 1500px\" \/>\n          <\/div>\n        <\/div>\n      <\/div>\n    <\/div>\n\t\t\t<\/div> \n\t\t<\/div>\n\t<\/div> \n<\/div><\/div>\n\t\t<div id=\"fws_69e19bbb55307\"  data-column-margin=\"default\" data-midnight=\"dark\"  class=\"wpb_row vc_row-fluid vc_row\"  style=\"padding-top: 0px; padding-bottom: 0px; \"><div class=\"row-bg-wrap\" data-bg-animation=\"none\" data-bg-animation-delay=\"\" data-bg-overlay=\"false\"><div class=\"inner-wrap row-bg-layer\" ><div class=\"row-bg viewport-desktop\"  style=\"\"><\/div><\/div><\/div><div class=\"row_col_wrap_12 col span_12 dark left\">\n\t<div  class=\"vc_col-sm-6 wpb_column column_container vc_column_container col no-extra-padding inherit_tablet inherit_phone\"  data-padding-pos=\"all\" data-has-bg-color=\"false\" data-bg-color=\"\" data-bg-opacity=\"1\" data-animation=\"\" data-delay=\"0\" >\n\t\t<div class=\"vc_column-inner\" >\n\t\t\t<div class=\"wpb_wrapper\">\n\t\t\t\t\n<div class=\"wpb_text_column wpb_content_element\" >\n\t<div class=\"wpb_wrapper\">\n\t\t<p>El Dr. Jos\u00e9 A. Oller Montes estudi\u00f3 Medicina en la prestigiosa Universidad de Barcelona, donde en 1982 obtuvo el Grado de licenciado en Medicina con la calificaci\u00f3n de SOBRESALIENTE.<\/p>\n<p>Durante sus a\u00f1os de formaci\u00f3n fue alumno adjunto de las C\u00e1tedras de Farmacolog\u00eda y Psicolog\u00eda Cl\u00ednica.<\/p>\n<p>Curs\u00f3 el Monogr\u00e1fico de Doctorado y lo culmin\u00f3 desarrollando el proyecto de investigaci\u00f3n \u201cFeocromocitoma\u201d \u201cEnfermedad cardiovascular hipertensiva\u201d, junto al Dr. A. Cassellas, obteniendo la calificaci\u00f3n de MATR\u00cdCULA DE HONOR.<\/p>\n<p>Entre los a\u00f1os 1982 \u2013 1986 curs\u00f3 la Especialidad de Cirug\u00eda con el Dr. Miguel Llobera Andr\u00e9s, jefe del servicio de Cirug\u00eda del complejo sanitario de la seguridad social \u201cVirgen de Lluch\u201d.<\/p>\n<p>Su formaci\u00f3n continu\u00f3 con la especialidad de urolog\u00eda con el Dr. Carlos Torres Ram\u00edrez: Jefe del servicio de la Unidad de urolog\u00eda del Hospital Can Misses de Ibiza, desde agosto de 1984 a febrero de 1987.<\/p>\n<p>Master en Nutrici\u00f3n y Ciencias de los Alimentos por la Universidad de Barcelona.<\/p>\n<p>Profesor de Nutrici\u00f3n de la Universidad Aut\u00f3noma de Barcelona.<br \/>\nMaster en Medicina Est\u00e9tica por la SEME (Sociedad Espa\u00f1ola de Medicina Est\u00e9tica).<\/p>\n<p>Master en Medicina Est\u00e9tica por L\u2019Union Internationale de Medicine Esthetique (Paris).<\/p>\n<p>Su excelencia ha contribuido a que su labor profesional desde hace ya m\u00e1s de 30 a\u00f1os le sit\u00fae como un facultativo de reconocido prestigio, requerido habitualmente para impartir conferencias en congresos nacionales e internacionales sobre Nutrici\u00f3n y Medicina Est\u00e9tica.<\/p>\n\t<\/div>\n<\/div>\n\n\n\n\n\t\t\t<\/div> \n\t\t<\/div>\n\t<\/div> \n\n\t<div  class=\"vc_col-sm-6 wpb_column column_container vc_column_container col no-extra-padding inherit_tablet inherit_phone\"  data-padding-pos=\"all\" data-has-bg-color=\"false\" data-bg-color=\"\" data-bg-opacity=\"1\" data-animation=\"\" data-delay=\"0\" >\n\t\t<div class=\"vc_column-inner\" >\n\t\t\t<div class=\"wpb_wrapper\">\n\t\t\t\t\n<div class=\"wpb_text_column wpb_content_element\" >\n\t<div class=\"wpb_wrapper\">\n\t\t<p>Es miembro de la Sociedad Espa\u00f1ola de Medicina Est\u00e9tica, donde ha sido secretario general por periodo de cuatro a\u00f1os. Su contribuci\u00f3n ha sido importante para el desarrollo de esta Especialidad M\u00e9dica.<\/p>\n<p>Particip\u00f3 activamente en la creaci\u00f3n del Libro Blanco de Medicina Est\u00e9tica, donde se recogen todos los campos de actuaci\u00f3n de esta disciplina y que ha servido de gu\u00eda para otros profesionales de esta especialidad.<\/p>\n<p>El Dr. Jos\u00e9 A. Oller publica con asiduidad trabajos cient\u00edficos originales en revistas M\u00e9dicas contribuyendo a que la Nutrici\u00f3n y la Obesidad sean mejor conocidas por los profesionales m\u00e9dicos.<\/p>\n<p>Siempre en contacto con los \u00faltimos resultados en investigaci\u00f3n (conferencias, symposiums) realiza un ejercicio de esta especialidad desde una doble perspectiva: la seriedad y la satisfacci\u00f3n del paciente a largo plazo.<\/p>\n<p>En el Instituto M\u00e9dico Dr. Oller han conseguido crear un entorno donde el paciente se siente seguro y tranquilo con la eficacia y seguridad de sus tratamientos. Centran todos sus esfuerzos en ofrecer una atenci\u00f3n profesional, personalizada y humana de los mejores especialistas. Te asesorar\u00e1n para que puedas tomar las decisiones adecuadas en beneficio de tu salud y est\u00e9tica.<\/p>\n<p>Estudiando cada caso pormenorizadamente para encontrar una soluci\u00f3n a medida consiguen resolver las cuestiones relacionadas con la Nutrici\u00f3n, la Medicina Est\u00e9tica, Cirug\u00eda Est\u00e9tica (Dr. Ivan Ma\u00f1ero), Cirug\u00eda Bari\u00e1trica (Dr. Jos\u00e9 Vicente Ferrer Valls) y Fisioterapia ( Carlos Oller Valero).<\/p>\n\t<\/div>\n<\/div>\n\n\n\n\n\t\t\t<\/div> \n\t\t<\/div>\n\t<\/div> \n<\/div><\/div>\n\t\t<div id=\"fila1home\"  data-column-margin=\"default\" data-midnight=\"dark\"  class=\"wpb_row vc_row-fluid vc_row full-width-content vc_row-o-equal-height vc_row-flex fullgrid\"  style=\"padding-top: 80px; padding-bottom: 0px; \"><div class=\"row-bg-wrap\" data-bg-animation=\"none\" data-bg-animation-delay=\"\" data-bg-overlay=\"false\"><div class=\"inner-wrap row-bg-layer\" ><div class=\"row-bg viewport-desktop\"  style=\"\"><\/div><\/div><\/div><div class=\"row_col_wrap_12 col span_12 dark left\">\n\t<div style=\"\" class=\"vc_col-sm-4 home_bottom wpb_column column_container vc_column_container col no-extra-padding inherit_tablet inherit_phone\" data-using-bg=\"true\" data-padding-pos=\"all\" data-has-bg-color=\"false\" data-bg-color=\"\" data-bg-opacity=\"1\" data-animation=\"\" data-delay=\"0\" >\n\t\t<div class=\"vc_column-inner\" ><a class=\"column-link\" target=\"_self\" href=\"https:\/\/www.ollerclinic.com\/en\/cirugia-estetica\/\"><\/a><div class=\"column-image-bg-wrap column-bg-layer viewport-desktop\" data-bg-pos=\"center center\" data-bg-animation=\"none\" data-bg-overlay=\"false\"><div class=\"inner-wrap\"><div class=\"column-image-bg\" style=\" background-image: url('https:\/\/www.ollerclinic.com\/wp-content\/uploads\/2018\/05\/thumb_cirugiaestetica_ibiza.jpg'); \"><\/div><\/div><\/div>\n\t\t\t<div class=\"wpb_wrapper\">\n\t\t\t\t\n<div class=\"wpb_text_column wpb_content_element\" >\n\t<div class=\"wpb_wrapper\">\n\t\t<h2><span style=\"color: #183c4d;\">Plastic Surgery<\/span><\/h2>\n\t<\/div>\n<\/div>\n\n\n\n<a class=\"nectar-button medium regular accent-color  regular-button\"  aria-label=\"More information\" role=\"button\" style=\"margin-top: 10px; color: #ffffff; background-color: #183c4d;\"  href=\"https:\/\/www.ollerclinic.com\/en\/cirugia-estetica\/\" data-color-override=\"#183c4d\" data-hover-color-override=\"false\" data-hover-text-color-override=\"#fff\"><span>More information<\/span><\/a>\n\t\t\t<\/div> \n\t\t<\/div>\n\t<\/div> \n\n\t<div style=\"\" class=\"vc_col-sm-4 home_bottom wpb_column column_container vc_column_container col no-extra-padding inherit_tablet inherit_phone\" data-using-bg=\"true\" data-padding-pos=\"all\" data-has-bg-color=\"false\" data-bg-color=\"\" data-bg-opacity=\"1\" data-animation=\"\" data-delay=\"0\" >\n\t\t<div class=\"vc_column-inner\" ><a class=\"column-link\" target=\"_self\" href=\"https:\/\/www.ollerclinic.com\/en\/medicina-estetica\/\"><\/a><div class=\"column-image-bg-wrap column-bg-layer viewport-desktop\" data-bg-pos=\"center center\" data-bg-animation=\"none\" data-bg-overlay=\"false\"><div class=\"inner-wrap\"><div class=\"column-image-bg\" style=\" background-image: url('https:\/\/www.ollerclinic.com\/wp-content\/uploads\/2018\/05\/thumb_medicinaestetica_ibiza.jpg'); \"><\/div><\/div><\/div>\n\t\t\t<div class=\"wpb_wrapper\">\n\t\t\t\t\n<div class=\"wpb_text_column wpb_content_element\" >\n\t<div class=\"wpb_wrapper\">\n\t\t<h2><span style=\"color: #183c4d;\">Aesthetic Medicine<\/span><\/h2>\n\t<\/div>\n<\/div>\n\n\n\n<a class=\"nectar-button medium regular accent-color  regular-button\"  aria-label=\"More information\" role=\"button\" style=\"margin-top: 10px; color: #ffffff; background-color: #183c4d;\"  href=\"https:\/\/www.ollerclinic.com\/en\/medicina-estetica\/\" data-color-override=\"#183c4d\" data-hover-color-override=\"false\" data-hover-text-color-override=\"#fff\"><span>More information<\/span><\/a>\n\t\t\t<\/div> \n\t\t<\/div>\n\t<\/div> \n\n\t<div style=\"\" class=\"vc_col-sm-4 home_bottom wpb_column column_container vc_column_container col no-extra-padding inherit_tablet inherit_phone\" data-using-bg=\"true\" data-padding-pos=\"all\" data-has-bg-color=\"false\" data-bg-color=\"\" data-bg-opacity=\"1\" data-animation=\"\" data-delay=\"0\" >\n\t\t<div class=\"vc_column-inner\" ><a class=\"column-link\" target=\"_self\" href=\"https:\/\/www.ollerclinic.com\/en\/nutricion\/\"><\/a><div class=\"column-image-bg-wrap column-bg-layer viewport-desktop\" data-bg-pos=\"center center\" data-bg-animation=\"none\" data-bg-overlay=\"false\"><div class=\"inner-wrap\"><div class=\"column-image-bg\" style=\" background-image: url('https:\/\/www.ollerclinic.com\/wp-content\/uploads\/2018\/05\/thumb_nutricion_ibiza.jpg'); \"><\/div><\/div><\/div>\n\t\t\t<div class=\"wpb_wrapper\">\n\t\t\t\t\n<div class=\"wpb_text_column wpb_content_element\" >\n\t<div class=\"wpb_wrapper\">\n\t\t<h2><span style=\"color: #183c4d;\">Nutrition<\/span><\/h2>\n\t<\/div>\n<\/div>\n\n\n\n<a class=\"nectar-button medium regular accent-color  regular-button\"  aria-label=\"More information\" role=\"button\" style=\"margin-top: 10px; color: #ffffff; background-color: #183c4d;\"  href=\"https:\/\/www.ollerclinic.com\/en\/nutricion\/\" data-color-override=\"#183c4d\" data-hover-color-override=\"false\" data-hover-text-color-override=\"#fff\"><span>More information<\/span><\/a>\n\t\t\t<\/div> \n\t\t<\/div>\n\t<\/div> \n<\/div><\/div>","protected":false},"excerpt":{"rendered":"Dr. Jos\u00e9 Antonio Oller Montes M\u00e1ster en Nutrici\u00f3n y ciencias de los alimentos Universidad de Barcelona M\u00e1ster en Medicina Est\u00e9tica El Dr. Jos\u00e9 A. Oller Montes estudi\u00f3 Medicina en la...","protected":false},"author":1,"featured_media":0,"parent":0,"menu_order":0,"comment_status":"closed","ping_status":"closed","template":"","meta":{"footnotes":""},"class_list":["post-242","page","type-page","status-publish"],"_links":{"self":[{"href":"https:\/\/www.ollerclinic.com\/en\/wp-json\/wp\/v2\/pages\/242","targetHints":{"allow":["GET"]}}],"collection":[{"href":"https:\/\/www.ollerclinic.com\/en\/wp-json\/wp\/v2\/pages"}],"about":[{"href":"https:\/\/www.ollerclinic.com\/en\/wp-json\/wp\/v2\/types\/page"}],"author":[{"embeddable":true,"href":"https:\/\/www.ollerclinic.com\/en\/wp-json\/wp\/v2\/users\/1"}],"replies":[{"embeddable":true,"href":"https:\/\/www.ollerclinic.com\/en\/wp-json\/wp\/v2\/comments?post=242"}],"version-history":[{"count":8,"href":"https:\/\/www.ollerclinic.com\/en\/wp-json\/wp\/v2\/pages\/242\/revisions"}],"predecessor-version":[{"id":1324,"href":"https:\/\/www.ollerclinic.com\/en\/wp-json\/wp\/v2\/pages\/242\/revisions\/1324"}],"wp:attachment":[{"href":"https:\/\/www.ollerclinic.com\/en\/wp-json\/wp\/v2\/media?parent=242"}],"curies":[{"name":"wp","href":"https:\/\/api.w.org\/{rel}","templated":true}]}}