{"id":1019,"date":"2019-05-22T11:51:41","date_gmt":"2019-05-22T09:51:41","guid":{"rendered":"https:\/\/www.ollerclinic.com\/?page_id=1019"},"modified":"2024-12-12T14:31:45","modified_gmt":"2024-12-12T12:31:45","slug":"plasma-rico-en-plaquetas-prp","status":"publish","type":"page","link":"https:\/\/www.ollerclinic.com\/en\/fisioterapia\/plasma-rico-en-plaquetas-prp\/","title":{"rendered":"Platelet-Rich Plasma (PRP)"},"content":{"rendered":"<div id=\"fws_69fc8188ab865\"  data-column-margin=\"default\" data-midnight=\"dark\"  class=\"wpb_row vc_row-fluid vc_row full-width-content vc_row-o-equal-height vc_row-flex vc_row-o-content-middle fila_espe\"  style=\"padding-top: 0px; padding-bottom: 0px; \"><div class=\"row-bg-wrap\" data-bg-animation=\"none\" data-bg-animation-delay=\"\" data-bg-overlay=\"false\"><div class=\"inner-wrap row-bg-layer\" ><div class=\"row-bg viewport-desktop\"  style=\"\"><\/div><\/div><\/div><div class=\"row_col_wrap_12 col span_12 dark left\">\n\t<div  class=\"vc_col-sm-6 bloc_gal wpb_column column_container vc_column_container col no-extra-padding inherit_tablet inherit_phone\"  data-padding-pos=\"all\" data-has-bg-color=\"false\" data-bg-color=\"\" data-bg-opacity=\"1\" data-animation=\"\" data-delay=\"0\" >\n\t\t<div class=\"vc_column-inner\" >\n\t\t\t<div class=\"wpb_wrapper\">\n\t\t\t\t\n\t<div class=\"wpb_gallery wpb_content_element clearfix\">\n\t\t<div class=\"wpb_wrapper\"><div class=\"wpb_gallery_slidesnectarslider_style\" data-onclick=\"link_no\" data-interval=\"5\"><div class=\"nectar-slider-wrap\" style=\"height: 800px\" data-image-rendering=\"default\" data-flexible-height=\"\" data-overall_style=\"classic\" data-button-styling=\"btn_with_count\" data-fullscreen=\"false\"  data-full-width=\"false\" data-parallax=\"false\" data-autorotate=\"5500\" id=\"ns-id-69fc8188abaaa\"><div class=\"swiper-container\" style=\"height: 800px\" data-loop=\"true\" data-height=\"800\" data-bullets=\"true\" data-bullet_style=\"see_through\" data-arrows=\"false\" data-desktop-swipe=\"true\" data-settings=\"\"><div class=\"swiper-wrapper\"><div class=\"swiper-slide\" data-bg-alignment=\"center\" data-color-scheme=\"light\" data-x-pos=\"centered\" data-y-pos=\"middle\"><div class=\"image-bg\" style=\"background-image: url(https:\/\/www.ollerclinic.com\/wp-content\/uploads\/2019\/05\/PRP-Oller-clinic.jpg);\">  &nbsp; <\/div><span class=\"ie-fix\"><\/span> <\/div><!--\/swiper-slide--><div class=\"swiper-slide\" data-bg-alignment=\"center\" data-color-scheme=\"light\" data-x-pos=\"centered\" data-y-pos=\"middle\"><div class=\"image-bg\" style=\"background-image: url(https:\/\/www.ollerclinic.com\/wp-content\/uploads\/2019\/05\/PRP-OllerClinic-4.jpg);\">  &nbsp; <\/div><span class=\"ie-fix\"><\/span> <\/div><!--\/swiper-slide--><\/div><div class=\"container normal-container slider-pagination-wrap\"><div class=\"slider-pagination\"><\/div><\/div><div class=\"nectar-slider-loading\"><\/div><\/div><\/div><\/div>\n\t\t<\/div> \n\t<\/div> \n\t\t\t<\/div> \n\t\t<\/div>\n\t<\/div> \n\n\t<div style=\" color: #ffffff;\" class=\"vc_col-sm-6 wpb_column column_container vc_column_container col padding-8-percent inherit_tablet inherit_phone\" data-cfc=\"true\" data-using-bg=\"true\" data-padding-pos=\"left-right\" data-has-bg-color=\"true\" data-bg-color=\"#7fc8de\" data-bg-opacity=\"1\" data-animation=\"\" data-delay=\"0\" >\n\t\t<div class=\"vc_column-inner\" ><div class=\"column-bg-overlay-wrap column-bg-layer\" data-bg-animation=\"none\"><div class=\"column-bg-overlay\" style=\"opacity: 1; background-color: #7fc8de;\"><\/div><\/div>\n\t\t\t<div class=\"wpb_wrapper\">\n\t\t\t\t\n<div class=\"wpb_text_column wpb_content_element  content_espe\" >\n\t<div class=\"wpb_wrapper\">\n\t\t<p><a href=\"https:\/\/www.ollerclinic.com\/en\/fisioterapia\/\">PHYSIOTHERAPY<\/a><\/p>\n<h1>Platelet-Rich Plasma (PRP)<\/h1>\n<h2>\u00bfQu\u00e9 es?<\/h2>\n<p>El Plasma Rico en Plaquetas o PRP es una sustancia que debe su inter\u00e9s terap\u00e9utico al papel reparador de las plaquetas y espec\u00edficamente a los factores de crecimiento que son los que finalmente van a conseguir promover la REPARACI\u00d3N DE LOS TEJIDOS LESIONADOS.<\/p>\n<p>Es importante entender c\u00f3mo funcionan estos Factores de crecimiento (FC) en nuestro organismo. Y es que, estas prote\u00ednas act\u00faan como se\u00f1ales de comunicaci\u00f3n intercelular, estimulando receptores de la membrana celular sin entrar en ella y provocando reacciones a nivel hormonal y de neurotransmisi\u00f3n que intervienen en la regulaci\u00f3n de la reproducci\u00f3n y crecimiento celular.<\/p>\n<p><a href=\"#fisioterapia\">Read more<\/a><\/p>\n\t<\/div>\n<\/div>\n\n\n\n<a class=\"nectar-button large regular accent-color  regular-button\"  role=\"button\" style=\"margin-top: 10px; color: #ffffff; background-color: #183c4d;\"  href=\"#contacto_esp\" data-color-override=\"#183c4d\" data-hover-color-override=\"false\" data-hover-text-color-override=\"#fff\"><span>Talk with a specialist<\/span><\/a>\n\t\t\t<\/div> \n\t\t<\/div>\n\t<\/div> \n<\/div><\/div>\n\t\t<div id=\"fisioterapia\"  data-column-margin=\"default\" data-midnight=\"dark\"  class=\"wpb_row vc_row-fluid vc_row full-width-section fila_espe\"  style=\"padding-top: 0px; padding-bottom: 0px; \"><div class=\"row-bg-wrap\" data-bg-animation=\"none\" data-bg-animation-delay=\"\" data-bg-overlay=\"false\"><div class=\"inner-wrap row-bg-layer\" ><div class=\"row-bg viewport-desktop using-bg-color\"  style=\"background-color: #7fc8de; \"><\/div><\/div><\/div><div class=\"row_col_wrap_12 col span_12 dark left\">\n\t<div style=\" color: #ffffff;\" class=\"vc_col-sm-12 wpb_column column_container vc_column_container col no-extra-padding inherit_tablet inherit_phone\" data-cfc=\"true\"  data-padding-pos=\"all\" data-has-bg-color=\"false\" data-bg-color=\"\" data-bg-opacity=\"1\" data-animation=\"\" data-delay=\"0\" >\n\t\t<div class=\"vc_column-inner\" >\n\t\t\t<div class=\"wpb_wrapper\">\n\t\t\t\t\n<div class=\"wpb_text_column wpb_content_element  content_espe\" >\n\t<div class=\"wpb_wrapper\">\n\t\t<h2>\u00bfEn qu\u00e9 consiste?<\/h2>\n<p>El PRP se obtiene a trav\u00e9s de la extracci\u00f3n de la sangre del propio paciente, es una t\u00e9cnica m\u00ednimamente invasiva, que se aplica de forma local sobre el tejido lesionado y que consiste en la infiltraci\u00f3n directa en el lugar de la lesi\u00f3n.<\/p>\n<p>Se realiza la extracci\u00f3n de sangre, se somete a un proceso de centrifugaci\u00f3n y otro de activaci\u00f3n. Tras una correcta preparaci\u00f3n, el Plasma Rico en Plaquetas es inyectado en la zona afectada.<br \/>\nAdem\u00e1s, para obtener el m\u00e1ximo beneficio de este tratamiento, podemos incluir un tratamiento de radiofrecuencia INDIBA\u00ae, mejorando as\u00ed la bioestimulaci\u00f3n de los tejidos antes de todo el proceso.<\/p>\n<p>Una vez en el tejido, se produce la estimulaci\u00f3n de la regeneraci\u00f3n celular, aumentando la formaci\u00f3n de nuevos vasos sangu\u00edneos y produciendo nuevo tejido. Es decir, activan al organismo en la zona donde se inyectan, ayudando a reconstruir el tejido da\u00f1ado y consiguiendo as\u00ed aumentar dicha respuesta reparadora. De esta manera, disminuimos el tiempo de recuperaci\u00f3n de la lesi\u00f3n.<\/p>\n<p>Este procedimiento se realiza de forma ambulatoria, en condiciones de m\u00e1ximo control y bajo la supervisi\u00f3n de un profesional M\u00e9dico.<\/p>\n<p>Al ser este producto extra\u00eddo del propio paciente, este tratamiento no conlleva riesgos de alergias, ni reacciones de incompatibilidad, lo que hace que sea un procedimiento seguro para el paciente.<\/p>\n<p>En OllerClinic hemos apostado por este tratamiento, puesto que tras un periodo de investigaci\u00f3n, hemos conseguido garantizar una proporci\u00f3n que multiplica por 3 el n\u00famero de plaquetas basales en sangre. As\u00ed mismo, estas investigaciones, nos han ofrecido datos reveladores respecto a la preparaci\u00f3n del paciente incluso antes de esta acci\u00f3n terap\u00e9utica.<\/p>\n<h2>Duraci\u00f3n aprox. del tratamiento<\/h2>\n<p>Se trata de un t\u00e9cnica que se realiza de forma r\u00e1pida y que supone un proceso de unos 30 min. aprox. Una sola sesi\u00f3n suele ser suficiente, excepto en los casos cr\u00f3nicos en los que se puede repetir a los 3 o 6 meses.<\/p>\n<p>Gracias a la acci\u00f3n de los factores liberados por las plaquetas, se reduce el dolor y se acelera la curaci\u00f3n de las lesiones, permitiendo una recuperaci\u00f3n m\u00e1s r\u00e1pida del paciente.<\/p>\n<p>Tras la aplicaci\u00f3n, el paciente debe continuar el tratamiento fisioterap\u00e9utico pautado en cada caso.<\/p>\n<h2>\u00bfQui\u00e9n se beneficia de este tratamiento?<\/h2>\n<p>La bibliograf\u00eda demuestra que el tratamiento con infiltraci\u00f3n de Factores de crecimiento es \u00fatil en lesiones tendinosas cr\u00f3nicas (tendinitis) y agudas (reparaci\u00f3n de ligamentos, roturas fibrilares, etc), y en el control del dolor en los procesos artr\u00f3sicos (artrosis de rodilla, artrosis de cadera).<\/p>\n<p>Enfermedades o lesiones en las que est\u00e1 indicado el tratamiento con Factores de crecimiento PRP:<br \/>\n&#8211; Roturas o microrroturas musculares<br \/>\n&#8211; Tendinopat\u00edas (epicondilitis, epitrocleitis, manguito rotador, rotuliana o cuadricipital)<br \/>\n&#8211; Lesiones en ligamentos de rodilla y tobillos.<br \/>\n&#8211; Fascitis plantar.<br \/>\n&#8211; Artrosis de Rodilla\/Tobillo.<br \/>\n&#8211; Lesiones de cart\u00edlago (s\u00edndrome femoro-patelar).<\/p>\n<p>Para conocer de manera m\u00e1s espec\u00edfica quien puede beneficiarse de este tratamiento, debemos conocer c\u00f3mo influye exactamente el PRP en nuestro organismo:<br \/>\n&#8211; Estimulan la proliferaci\u00f3n, la supervivencia, la migraci\u00f3n y la diferenciaci\u00f3n de nuestras c\u00e9lulas.<br \/>\n&#8211; Modulan la producci\u00f3n de col\u00e1geno, de proteoglycanos y TIMP (tissue inhibitor of metallo-proteassas)<br \/>\n&#8211; Estimulan la angiog\u00e9nesis, por lo que mejoran la vascularizaci\u00f3n de nuestros tejidos.<br \/>\n&#8211; Controlan la renovaci\u00f3n celular y por tanto la regeneraci\u00f3n tisular.<br \/>\n&#8211; Influye en la proliferaci\u00f3n y diferenciaci\u00f3n del tejido conectivo, en la formaci\u00f3n de matriz extracelular, en la osteog\u00e9nesis y condrog\u00e9nesis.<\/p>\n<h2>INFORMACI\u00d3N LEGAL SOBRE EL USO DEL PRP<\/h2>\n<p>Seg\u00fan el informe publicado por la Agencia Espa\u00f1ola de Medicamentos y Productos Sanitarios sobre el uso de Plasma Rico en Plaquetas, se establece que:<\/p>\n<p><i>\u201cEl uso del PRP debe hacerse siempre sujeto a <\/i><strong><i>prescripci\u00f3n de m\u00e9dicos, odont\u00f3logos o pod\u00f3logos<\/i><\/strong><i>, en el \u00e1mbito de sus competencias respectivas, no siendo susceptible de ser prescrito por otro tipo de profesionales sanitarios o no sanitarios\u2026\u201d<\/i><\/p>\n<p><i>\u201cDadas las caracter\u00edsticas de producci\u00f3n y aplicaci\u00f3n del PRP, cabe considerarlo como un medicamento de dispensaci\u00f3n bajo <\/i><strong><i>prescripci\u00f3n m\u00e9dica restringida<\/i><\/strong><i>, de utilizaci\u00f3n reservada a determinados medios especializados\u2026\u201d<\/i><\/p>\n<p>Para ver m\u00e1s, siga el enlace:<\/p>\n<ul>\n<li><a href=\"https:\/\/bit.ly\/2W7GN4E\" target=\"_blank\" rel=\"noopener\">https:\/\/bit.ly\/2W7GN4E<\/a><\/li>\n<li><a href=\"https:\/\/bit.ly\/2M5d3BK\" target=\"_blank\" rel=\"noopener\">https:\/\/bit.ly\/2M5d3BK<\/a><\/li>\n<\/ul>\n\t<\/div>\n<\/div>\n\n\n\n\n<div class=\"wpb_text_column wpb_content_element  link_sec2\" >\n\t<div class=\"wpb_wrapper\">\n\t\t<p><a href=\"https:\/\/www.ollerclinic.com\/en\/fisioterapia\/\">Volver a la secci\u00f3n de fisioterapia<\/a><\/p>\n\t<\/div>\n<\/div>\n\n\n\n\n\t\t\t<\/div> \n\t\t<\/div>\n\t<\/div> \n<\/div><\/div>\n\t\t<div id=\"contacto_esp\"  data-column-margin=\"default\" data-midnight=\"dark\"  class=\"wpb_row vc_row-fluid vc_row full-width-section vc_row-o-equal-height vc_row-flex\"  style=\"padding-top: 0px; padding-bottom: 0px; \"><div class=\"row-bg-wrap\" data-bg-animation=\"none\" data-bg-animation-delay=\"\" data-bg-overlay=\"false\"><div class=\"inner-wrap row-bg-layer\" ><div class=\"row-bg viewport-desktop using-bg-color\"  style=\"background-color: #183c4d; \"><\/div><\/div><\/div><div class=\"row_col_wrap_12 col span_12 dark left\">\n\t<div  class=\"vc_col-sm-12 wpb_column column_container vc_column_container col no-extra-padding inherit_tablet inherit_phone\"  data-padding-pos=\"all\" data-has-bg-color=\"false\" data-bg-color=\"\" data-bg-opacity=\"1\" data-animation=\"\" data-delay=\"0\" >\n\t\t<div class=\"vc_column-inner\" >\n\t\t\t<div class=\"wpb_wrapper\">\n\t\t\t\t\n<div class=\"wpb_text_column wpb_content_element\" >\n\t<div class=\"wpb_wrapper\">\n\t\t<h2 style=\"text-align: center;\">Can we help you?<\/h2>\n<h3 style=\"text-align: center;\">Talk with a specialist<\/h3>\n\t<\/div>\n<\/div>\n\n\n\n\n<div class=\"wpcf7 no-js\" id=\"wpcf7-f4-o1\" lang=\"es-ES\" dir=\"ltr\" data-wpcf7-id=\"4\">\n<div class=\"screen-reader-response\"><p role=\"status\" aria-live=\"polite\" aria-atomic=\"true\"><\/p> <ul><\/ul><\/div>\n<form action=\"\/wp-json\/wp\/v2\/pages\/1019\" method=\"post\" class=\"wpcf7-form init\" aria-label=\"Formulario de contacto\" novalidate=\"novalidate\" data-status=\"init\" data-trp-original-action=\"\/en\/wp-json\/wp\/v2\/pages\/1019#wpcf7-f4-o1\">\n<fieldset class=\"hidden-fields-container\"><input type=\"hidden\" name=\"_wpcf7\" value=\"4\" \/><input type=\"hidden\" name=\"_wpcf7_version\" value=\"6.1.1\" \/><input type=\"hidden\" name=\"_wpcf7_locale\" value=\"es_ES\" \/><input type=\"hidden\" name=\"_wpcf7_unit_tag\" value=\"wpcf7-f4-o1\" \/><input type=\"hidden\" name=\"_wpcf7_container_post\" value=\"0\" \/><input type=\"hidden\" name=\"_wpcf7_posted_data_hash\" value=\"\" \/>\n<\/fieldset>\n<div>\n\t<p><span class=\"wpcf7-form-control-wrap\" data-name=\"your-name\"><input size=\"40\" maxlength=\"400\" class=\"wpcf7-form-control wpcf7-text wpcf7-validates-as-required\" aria-required=\"true\" aria-invalid=\"false\" placeholder=\"Name*\" value=\"\" type=\"text\" name=\"your-name\" \/><\/span>\n\t<\/p>\n<\/div>\n<div>\n\t<p><span class=\"wpcf7-form-control-wrap\" data-name=\"your-subject\"><input size=\"40\" maxlength=\"400\" class=\"wpcf7-form-control wpcf7-text\" aria-invalid=\"false\" placeholder=\"Last name\" value=\"\" type=\"text\" name=\"your-subject\" \/><\/span>\n\t<\/p>\n<\/div>\n<div>\n\t<p><span class=\"wpcf7-form-control-wrap\" data-name=\"your-email\"><input size=\"40\" maxlength=\"400\" class=\"wpcf7-form-control wpcf7-email wpcf7-validates-as-required wpcf7-text wpcf7-validates-as-email\" aria-required=\"true\" aria-invalid=\"false\" placeholder=\"Email*\" value=\"\" type=\"email\" name=\"your-email\" \/><\/span>\n\t<\/p>\n<\/div>\n<div>\n\t<p><label><span class=\"wpcf7-form-control-wrap\" data-name=\"tel-801\"><input size=\"40\" maxlength=\"400\" class=\"wpcf7-form-control wpcf7-tel wpcf7-text wpcf7-validates-as-tel\" aria-invalid=\"false\" placeholder=\"Phone number\" value=\"\" type=\"tel\" name=\"tel-801\" \/><\/span><\/label>\n\t<\/p>\n<\/div>\n<div class=\"w_100\">\n\t<p><label><span class=\"wpcf7-form-control-wrap\" data-name=\"your-message\"><textarea cols=\"40\" rows=\"4\" maxlength=\"2000\" class=\"wpcf7-form-control wpcf7-textarea\" aria-invalid=\"false\" placeholder=\"How can we help you?\" name=\"your-message\"><\/textarea><\/span><\/label>\n\t<\/p>\n<\/div>\n<div class=\"icons\">\n\t<p>How would you prefer us to contact you?\n\t<\/p>\n\t<p><span class=\"wpcf7-form-control-wrap\" data-name=\"checkbox-34\"><span class=\"wpcf7-form-control wpcf7-checkbox\"><span class=\"wpcf7-list-item first\"><input type=\"checkbox\" name=\"checkbox-34[]\" value=\"Tel\u00e9fono\" \/><span class=\"wpcf7-list-item-label\">Phone number<\/span><\/span><span class=\"wpcf7-list-item last\"><input type=\"checkbox\" name=\"checkbox-34[]\" value=\"Email\" \/><span class=\"wpcf7-list-item-label\">Email<\/span><\/span><\/span><\/span>\n\t<\/p>\n<\/div>\n<div class=\"clausulas\">\n\t<p>Under Article 5 of Law 15\/1999, which regulates the right to information in data collection, you are informed about the following points:<br \/>\nController: The data controller is Oller Clinic.<br \/>\nPurpose: Sending information, responding to your inquiries and requests, for the duration of our relationship and with your consent.<br \/>\nLegitimation: Consent of the data subject.<br \/>\nRecipients: Data will not be disclosed to third parties unless required by law.<br \/>\nRights: You can exercise the rights of access, rectification, erasure, and portability of your data, as well as the restriction or objection to its processing by submitting a written request along with a copy of an official identification document, addressed to the Data Controller. In case of disagreement with the processing, you also have the right to lodge a complaint with the Spanish Data Protection Agency.\n\t<\/p>\n<\/div>\n<div class=\"form_ac\">\n\t<p><span class=\"wpcf7-form-control-wrap\" data-name=\"acceptance-234\"><span class=\"wpcf7-form-control wpcf7-acceptance\"><span class=\"wpcf7-list-item\"><label><input type=\"checkbox\" name=\"acceptance-234\" value=\"1\" aria-invalid=\"false\" \/><span class=\"wpcf7-list-item-label\">I have read and I agree to the <a href=\"https:\/\/www.ollerclinic.com\/en\/politica-de-privacidad\/\" target=\"_blank\">privacy policy<\/a><\/span><\/label><\/span><\/span><\/span>\n\t<\/p>\n<\/div>\n<div class=\"btn_submit\">\n\t<p><input class=\"wpcf7-form-control wpcf7-submit has-spinner\" type=\"submit\" value=\"Enviar\" \/>\n\t<\/p>\n<\/div>\n<div class=\"w_100\">\n<div class=\"wpcf7-turnstile cf-turnstile\" data-sitekey=\"0x4AAAAAABoJwo2RhaculERt\" data-response-field-name=\"_wpcf7_turnstile_response\"><\/div>\n<\/div><div class=\"wpcf7-response-output\" aria-hidden=\"true\"><\/div>\n<input type=\"hidden\" name=\"trp-form-language\" value=\"en\"\/><\/form>\n<\/div>\n\n\t\t\t<\/div> \n\t\t<\/div>\n\t<\/div> \n<\/div><\/div>","protected":false},"excerpt":{"rendered":"&nbsp; &nbsp; FISIOTERAPIA Plasma rico en plaquetas PRP \u00bfQu\u00e9 es? El Plasma Rico en Plaquetas o PRP es una sustancia que debe su inter\u00e9s terap\u00e9utico al papel reparador de las...","protected":false},"author":1,"featured_media":0,"parent":9,"menu_order":0,"comment_status":"closed","ping_status":"closed","template":"","meta":{"footnotes":""},"class_list":["post-1019","page","type-page","status-publish"],"_links":{"self":[{"href":"https:\/\/www.ollerclinic.com\/en\/wp-json\/wp\/v2\/pages\/1019","targetHints":{"allow":["GET"]}}],"collection":[{"href":"https:\/\/www.ollerclinic.com\/en\/wp-json\/wp\/v2\/pages"}],"about":[{"href":"https:\/\/www.ollerclinic.com\/en\/wp-json\/wp\/v2\/types\/page"}],"author":[{"embeddable":true,"href":"https:\/\/www.ollerclinic.com\/en\/wp-json\/wp\/v2\/users\/1"}],"replies":[{"embeddable":true,"href":"https:\/\/www.ollerclinic.com\/en\/wp-json\/wp\/v2\/comments?post=1019"}],"version-history":[{"count":7,"href":"https:\/\/www.ollerclinic.com\/en\/wp-json\/wp\/v2\/pages\/1019\/revisions"}],"predecessor-version":[{"id":1359,"href":"https:\/\/www.ollerclinic.com\/en\/wp-json\/wp\/v2\/pages\/1019\/revisions\/1359"}],"up":[{"embeddable":true,"href":"https:\/\/www.ollerclinic.com\/en\/wp-json\/wp\/v2\/pages\/9"}],"wp:attachment":[{"href":"https:\/\/www.ollerclinic.com\/en\/wp-json\/wp\/v2\/media?parent=1019"}],"curies":[{"name":"wp","href":"https:\/\/api.w.org\/{rel}","templated":true}]}}