{"id":1017,"date":"2019-05-22T11:47:10","date_gmt":"2019-05-22T09:47:10","guid":{"rendered":"https:\/\/www.ollerclinic.com\/?page_id=1017"},"modified":"2024-12-12T14:45:57","modified_gmt":"2024-12-12T12:45:57","slug":"rejuvenecimiento-con-plasma-rico-en-plaquetas-o-prp","status":"publish","type":"page","link":"https:\/\/www.ollerclinic.com\/en\/medicina-estetica\/rejuvenecimiento-con-plasma-rico-en-plaquetas-o-prp\/","title":{"rendered":"Rejuvenecimiento a trav\u00e9s de la bioestimulaci\u00f3n celular"},"content":{"rendered":"<div id=\"fws_69f5174140b46\"  data-column-margin=\"default\" data-midnight=\"dark\"  class=\"wpb_row vc_row-fluid vc_row full-width-content vc_row-o-equal-height vc_row-flex fila_espe\"  style=\"padding-top: 0px; padding-bottom: 0px; \"><div class=\"row-bg-wrap\" data-bg-animation=\"none\" data-bg-animation-delay=\"\" data-bg-overlay=\"false\"><div class=\"inner-wrap row-bg-layer\" ><div class=\"row-bg viewport-desktop\"  style=\"\"><\/div><\/div><\/div><div class=\"row_col_wrap_12 col span_12 dark left\">\n\t<div  class=\"vc_col-sm-6 bloc_gal wpb_column column_container vc_column_container col no-extra-padding inherit_tablet inherit_phone\"  data-padding-pos=\"all\" data-has-bg-color=\"false\" data-bg-color=\"\" data-bg-opacity=\"1\" data-animation=\"\" data-delay=\"0\" >\n\t\t<div class=\"vc_column-inner\" >\n\t\t\t<div class=\"wpb_wrapper\">\n\t\t\t\t\n\t<div class=\"wpb_gallery wpb_content_element clearfix\">\n\t\t<div class=\"wpb_wrapper\"><div class=\"wpb_gallery_slidesnectarslider_style\" data-onclick=\"link_no\" data-interval=\"5\"><div class=\"nectar-slider-wrap\" style=\"height: 800px\" data-image-rendering=\"default\" data-flexible-height=\"\" data-overall_style=\"classic\" data-button-styling=\"btn_with_count\" data-fullscreen=\"false\"  data-full-width=\"false\" data-parallax=\"false\" data-autorotate=\"5500\" id=\"ns-id-69f51741414b9\"><div class=\"swiper-container\" style=\"height: 800px\" data-loop=\"true\" data-height=\"800\" data-bullets=\"true\" data-bullet_style=\"see_through\" data-arrows=\"false\" data-desktop-swipe=\"true\" data-settings=\"\"><div class=\"swiper-wrapper\"><div class=\"swiper-slide\" data-bg-alignment=\"center\" data-color-scheme=\"light\" data-x-pos=\"centered\" data-y-pos=\"middle\"><div class=\"image-bg\" style=\"background-image: url(https:\/\/www.ollerclinic.com\/wp-content\/uploads\/2019\/05\/PRP-OllerClinic-5.jpg);\">  &nbsp; <\/div><span class=\"ie-fix\"><\/span> <\/div><!--\/swiper-slide--><div class=\"swiper-slide\" data-bg-alignment=\"center\" data-color-scheme=\"light\" data-x-pos=\"centered\" data-y-pos=\"middle\"><div class=\"image-bg\" style=\"background-image: url(https:\/\/www.ollerclinic.com\/wp-content\/uploads\/2019\/05\/PRP-OllerClinic-2.jpg);\">  &nbsp; <\/div><span class=\"ie-fix\"><\/span> <\/div><!--\/swiper-slide--><\/div><div class=\"container normal-container slider-pagination-wrap\"><div class=\"slider-pagination\"><\/div><\/div><div class=\"nectar-slider-loading\"><\/div><\/div><\/div><\/div>\n\t\t<\/div> \n\t<\/div> \n\t\t\t<\/div> \n\t\t<\/div>\n\t<\/div> \n\n\t<div style=\" color: #ffffff;\" class=\"vc_col-sm-6 wpb_column column_container vc_column_container col padding-8-percent inherit_tablet inherit_phone\" data-cfc=\"true\" data-using-bg=\"true\" data-padding-pos=\"left-right\" data-has-bg-color=\"true\" data-bg-color=\"#7fc8de\" data-bg-opacity=\"1\" data-animation=\"\" data-delay=\"0\" >\n\t\t<div class=\"vc_column-inner\" ><div class=\"column-bg-overlay-wrap column-bg-layer\" data-bg-animation=\"none\"><div class=\"column-bg-overlay\" style=\"opacity: 1; background-color: #7fc8de;\"><\/div><\/div>\n\t\t\t<div class=\"wpb_wrapper\">\n\t\t\t\t\n<div class=\"wpb_text_column wpb_content_element  content_espe\" >\n\t<div class=\"wpb_wrapper\">\n\t\t<p><a href=\"https:\/\/www.ollerclinic.com\/en\/medicina-estetica\/\">AESTHETIC MEDICINE<\/a><\/p>\n<h1>Rejuvenecimiento a trav\u00e9s de la bioestimulaci\u00f3n celular<\/h1>\n<h2>\u00bfQu\u00e9 es?<\/h2>\n<p>A trav\u00e9s de la extracci\u00f3n de sangre aut\u00f3loga y el centrifugado de esta misma, conseguimos una sustancia que de nuevo es infiltrada con lo que conseguimos una evidente regeneraci\u00f3n y bioestimulaci\u00f3n de la piel. Este tratamiento debe su inter\u00e9s terap\u00e9utico al papel reparador de las plaquetas y espec\u00edficamente a los factores de crecimiento que son los que finalmente van a conseguir promover la REGENERACI\u00d3N CELULAR.<\/p>\n<p>Tiene un efecto rejuvenecedor y estimulante muy intenso. Se trata de una t\u00e9cnica de regeneraci\u00f3n de la piel, que permite mediante la estimulaci\u00f3n de los fibroblastos y la elastina, suavizar las arrugas y aportar un aspecto joven y luminoso.<\/p>\n<p>Es fundamental ser capaces de conseguir una concentraci\u00f3n de plaquetas superior a la del plasma en condiciones basales. Esta ser\u00e1 la clave a la hora de obtener un resultado verdaderamente satisfactorio.<\/p>\n<p><a href=\"#estetica\">Read more<\/a><\/p>\n\t<\/div>\n<\/div>\n\n\n\n<a class=\"nectar-button large regular accent-color  regular-button\"  role=\"button\" style=\"margin-top: 10px; color: #ffffff; background-color: #183c4d;\"  href=\"#contacto_esp\" data-color-override=\"#183c4d\" data-hover-color-override=\"false\" data-hover-text-color-override=\"#fff\"><span>Talk with a specialist<\/span><\/a>\n\t\t\t<\/div> \n\t\t<\/div>\n\t<\/div> \n<\/div><\/div>\n\t\t<div id=\"estetica\"  data-column-margin=\"default\" data-midnight=\"dark\"  class=\"wpb_row vc_row-fluid vc_row full-width-section fila_espe\"  style=\"padding-top: 0px; padding-bottom: 0px; \"><div class=\"row-bg-wrap\" data-bg-animation=\"none\" data-bg-animation-delay=\"\" data-bg-overlay=\"false\"><div class=\"inner-wrap row-bg-layer\" ><div class=\"row-bg viewport-desktop using-bg-color\"  style=\"background-color: #7fc8de; \"><\/div><\/div><\/div><div class=\"row_col_wrap_12 col span_12 dark left\">\n\t<div style=\" color: #ffffff;\" class=\"vc_col-sm-12 wpb_column column_container vc_column_container col no-extra-padding inherit_tablet inherit_phone\" data-cfc=\"true\"  data-padding-pos=\"all\" data-has-bg-color=\"false\" data-bg-color=\"\" data-bg-opacity=\"1\" data-animation=\"\" data-delay=\"0\" >\n\t\t<div class=\"vc_column-inner\" >\n\t\t\t<div class=\"wpb_wrapper\">\n\t\t\t\t\n<div class=\"wpb_text_column wpb_content_element  content_espe\" style=\" max-width: 1000px; display: inline-block;\">\n\t<div class=\"wpb_wrapper\">\n\t\t<p>En OllerClinic hemos apostado por este tratamiento, puesto que tras un periodo de investigaci\u00f3n, hemos conseguido garantizar una proporci\u00f3n que multiplica por 3 el n\u00famero de plaquetas basales en sangre. As\u00ed mismo, estas investigaciones, nos han ofrecido datos reveladores respecto a la preparaci\u00f3n del paciente incluso antes de esta acci\u00f3n terap\u00e9utica.<\/p>\n<h2>\u00bfEn qu\u00e9 consiste?<\/h2>\n<p>Este procedimiento se realiza de forma ambulatoria, en condiciones de m\u00e1ximo control y bajo la supervisi\u00f3n de un profesional M\u00e9dico.<\/p>\n<p>Tras la limpieza y preparaci\u00f3n de la zona a tratar se aplica una crema anest\u00e9sica. Se realiza una extracci\u00f3n de sangre del propio paciente, de la que se obtendr\u00e1 el plasma rico en plaquetas, se somete a un proceso de centrifugaci\u00f3n y otro de activaci\u00f3n. Una vez preparado el producto, la aplicaci\u00f3n se realiza a trav\u00e9s de una t\u00e9cnica de multipunci\u00f3n, parecida a la mesoterapia.<\/p>\n<p>Adem\u00e1s, para obtener el m\u00e1ximo beneficio de este tratamiento, podemos incluir un tratamiento de radiofrecuencia Definitive-EVO, mejorando as\u00ed la bioestimulaci\u00f3n de la piel antes de todo el proceso.<\/p>\n<h2>Duraci\u00f3n aproximada del tratamiento<\/h2>\n<p>Se trata de un t\u00e9cnica que se realiza de forma r\u00e1pida. Sin embargo, el protocolo de aplicaci\u00f3n y la frecuencia depende mucho de la acci\u00f3n terap\u00e9utica que se le vaya a dar, la zona de tratamiento, as\u00ed como las necesidades especiales de cada paciente.<\/p>\n<p>El protocolo habitual para este tratamiento recomienda realizar una sesi\u00f3n al mes durante tres meses consecutivos. A partir del a\u00f1o deber\u00e1 realizarse un mantenimiento que consistir\u00e1 en una sesi\u00f3n cada 6 o 12 meses. Los factores de crecimiento del plasma rico en plaquetas act\u00faan estimulando el tejido, por lo que, no hay un resultado instant\u00e1neo. Los efectos aparecen con el paso de los d\u00edas y aumentan a medida que \u00e9stos transcurren. El efecto m\u00e1ximo es a los 20 o 30 d\u00edas tras el tratamiento.<br \/>\nTras la aplicaci\u00f3n, no es necesario guardar reposo, por lo que el paciente puede retomar de forma casi inmediata su vida social y profesional.<\/p>\n<p>En OllerClinic, realizamos un tratamiento integral en el que se incluyen visitas pre y post tratamiento, lo que garantiza el seguimiento de todo el proceso.<\/p>\n<h2>\u00bfQui\u00e9n se beneficia de este tratamiento?<\/h2>\n<p>Se trata de uno de los tratamientos m\u00e1s actuales y avanzados que podemos encontrar en Medicina Est\u00e9tica y se confirma como un tratamiento excelente para aquellos casos en los que se desea mejorar el aspecto de la piel, aumentar su firmeza y luminosidad.<\/p>\n<p>&#8211; TRATAMIENTOS FACIALES ANTIAGING.<br \/>\n&#8211; MARCAS DE ACN\u00c9 (Y SUS SECUELAS).<br \/>\n&#8211; TRATAMIENTOS CORPORALES, ANTICELUL\u00cdTICOS Y ANTIESTR\u00cdAS.<br \/>\n&#8211; CICATRICES.<br \/>\n&#8211; \u00daLCERAS.<\/p>\n<h2>INFORMACI\u00d3N LEGAL SOBRE EL USO DEL PRP<\/h2>\n<p>Seg\u00fan el informe publicado por la Agencia Espa\u00f1ola de Medicamentos y Productos Sanitarios sobre el uso de Plasma Rico en Plaquetas, se establece que:<\/p>\n<p><i>\u201cEl uso del PRP debe hacerse siempre sujeto a <\/i><strong><i>prescripci\u00f3n de m\u00e9dicos, odont\u00f3logos o pod\u00f3logos<\/i><\/strong><i>, en el \u00e1mbito de sus competencias respectivas, no siendo susceptible de ser prescrito por otro tipo de profesionales sanitarios o no sanitarios\u2026\u201d<\/i><\/p>\n<p><i>\u201cDadas las caracter\u00edsticas de producci\u00f3n y aplicaci\u00f3n del PRP, cabe considerarlo como un medicamento de dispensaci\u00f3n bajo <\/i><strong><i>prescripci\u00f3n m\u00e9dica restringida<\/i><\/strong><i>, de utilizaci\u00f3n reservada a determinados medios especializados\u2026\u201d<\/i><\/p>\n<p>Para ver m\u00e1s, siga el enlace:<\/p>\n<ul>\n<li><a href=\"https:\/\/bit.ly\/2W7GN4E\" target=\"_blank\" rel=\"noopener\">https:\/\/bit.ly\/2W7GN4E<\/a><\/li>\n<li><a href=\"https:\/\/bit.ly\/2M5d3BK\" target=\"_blank\" rel=\"noopener\">https:\/\/bit.ly\/2M5d3BK<\/a><\/li>\n<\/ul>\n\t<\/div>\n<\/div>\n\n\n\n\n<div class=\"wpb_text_column wpb_content_element  link_sec2\" >\n\t<div class=\"wpb_wrapper\">\n\t\t<p><a href=\"https:\/\/www.ollerclinic.com\/en\/medicina-estetica\/\">Volver a la secci\u00f3n de Medicina Est\u00e9tica<\/a><\/p>\n\t<\/div>\n<\/div>\n\n\n\n\n\t\t\t<\/div> \n\t\t<\/div>\n\t<\/div> \n<\/div><\/div>\n\t\t<div id=\"contacto_esp\"  data-column-margin=\"default\" data-midnight=\"dark\"  class=\"wpb_row vc_row-fluid vc_row full-width-section vc_row-o-equal-height vc_row-flex\"  style=\"padding-top: 0px; padding-bottom: 0px; \"><div class=\"row-bg-wrap\" data-bg-animation=\"none\" data-bg-animation-delay=\"\" data-bg-overlay=\"false\"><div class=\"inner-wrap row-bg-layer\" ><div class=\"row-bg viewport-desktop using-bg-color\"  style=\"background-color: #183c4d; \"><\/div><\/div><\/div><div class=\"row_col_wrap_12 col span_12 dark left\">\n\t<div  class=\"vc_col-sm-12 wpb_column column_container vc_column_container col no-extra-padding inherit_tablet inherit_phone\"  data-padding-pos=\"all\" data-has-bg-color=\"false\" data-bg-color=\"\" data-bg-opacity=\"1\" data-animation=\"\" data-delay=\"0\" >\n\t\t<div class=\"vc_column-inner\" >\n\t\t\t<div class=\"wpb_wrapper\">\n\t\t\t\t\n<div class=\"wpb_text_column wpb_content_element\" >\n\t<div class=\"wpb_wrapper\">\n\t\t<h2 style=\"text-align: center;\">Can we help you?<\/h2>\n<h3 style=\"text-align: center;\">Talk with a specialist<\/h3>\n\t<\/div>\n<\/div>\n\n\n\n\n<div class=\"wpcf7 no-js\" id=\"wpcf7-f4-o1\" lang=\"es-ES\" dir=\"ltr\" data-wpcf7-id=\"4\">\n<div class=\"screen-reader-response\"><p role=\"status\" aria-live=\"polite\" aria-atomic=\"true\"><\/p> <ul><\/ul><\/div>\n<form action=\"\/wp-json\/wp\/v2\/pages\/1017\" method=\"post\" class=\"wpcf7-form init\" aria-label=\"Formulario de contacto\" novalidate=\"novalidate\" data-status=\"init\" data-trp-original-action=\"\/en\/wp-json\/wp\/v2\/pages\/1017#wpcf7-f4-o1\">\n<fieldset class=\"hidden-fields-container\"><input type=\"hidden\" name=\"_wpcf7\" value=\"4\" \/><input type=\"hidden\" name=\"_wpcf7_version\" value=\"6.1.1\" \/><input type=\"hidden\" name=\"_wpcf7_locale\" value=\"es_ES\" \/><input type=\"hidden\" name=\"_wpcf7_unit_tag\" value=\"wpcf7-f4-o1\" \/><input type=\"hidden\" name=\"_wpcf7_container_post\" value=\"0\" \/><input type=\"hidden\" name=\"_wpcf7_posted_data_hash\" value=\"\" \/>\n<\/fieldset>\n<div>\n\t<p><span class=\"wpcf7-form-control-wrap\" data-name=\"your-name\"><input size=\"40\" maxlength=\"400\" class=\"wpcf7-form-control wpcf7-text wpcf7-validates-as-required\" aria-required=\"true\" aria-invalid=\"false\" placeholder=\"Name*\" value=\"\" type=\"text\" name=\"your-name\" \/><\/span>\n\t<\/p>\n<\/div>\n<div>\n\t<p><span class=\"wpcf7-form-control-wrap\" data-name=\"your-subject\"><input size=\"40\" maxlength=\"400\" class=\"wpcf7-form-control wpcf7-text\" aria-invalid=\"false\" placeholder=\"Last name\" value=\"\" type=\"text\" name=\"your-subject\" \/><\/span>\n\t<\/p>\n<\/div>\n<div>\n\t<p><span class=\"wpcf7-form-control-wrap\" data-name=\"your-email\"><input size=\"40\" maxlength=\"400\" class=\"wpcf7-form-control wpcf7-email wpcf7-validates-as-required wpcf7-text wpcf7-validates-as-email\" aria-required=\"true\" aria-invalid=\"false\" placeholder=\"Email*\" value=\"\" type=\"email\" name=\"your-email\" \/><\/span>\n\t<\/p>\n<\/div>\n<div>\n\t<p><label><span class=\"wpcf7-form-control-wrap\" data-name=\"tel-801\"><input size=\"40\" maxlength=\"400\" class=\"wpcf7-form-control wpcf7-tel wpcf7-text wpcf7-validates-as-tel\" aria-invalid=\"false\" placeholder=\"Phone number\" value=\"\" type=\"tel\" name=\"tel-801\" \/><\/span><\/label>\n\t<\/p>\n<\/div>\n<div class=\"w_100\">\n\t<p><label><span class=\"wpcf7-form-control-wrap\" data-name=\"your-message\"><textarea cols=\"40\" rows=\"4\" maxlength=\"2000\" class=\"wpcf7-form-control wpcf7-textarea\" aria-invalid=\"false\" placeholder=\"How can we help you?\" name=\"your-message\"><\/textarea><\/span><\/label>\n\t<\/p>\n<\/div>\n<div class=\"icons\">\n\t<p>How would you prefer us to contact you?\n\t<\/p>\n\t<p><span class=\"wpcf7-form-control-wrap\" data-name=\"checkbox-34\"><span class=\"wpcf7-form-control wpcf7-checkbox\"><span class=\"wpcf7-list-item first\"><input type=\"checkbox\" name=\"checkbox-34[]\" value=\"Tel\u00e9fono\" \/><span class=\"wpcf7-list-item-label\">Phone number<\/span><\/span><span class=\"wpcf7-list-item last\"><input type=\"checkbox\" name=\"checkbox-34[]\" value=\"Email\" \/><span class=\"wpcf7-list-item-label\">Email<\/span><\/span><\/span><\/span>\n\t<\/p>\n<\/div>\n<div class=\"clausulas\">\n\t<p>Under Article 5 of Law 15\/1999, which regulates the right to information in data collection, you are informed about the following points:<br \/>\nController: The data controller is Oller Clinic.<br \/>\nPurpose: Sending information, responding to your inquiries and requests, for the duration of our relationship and with your consent.<br \/>\nLegitimation: Consent of the data subject.<br \/>\nRecipients: Data will not be disclosed to third parties unless required by law.<br \/>\nRights: You can exercise the rights of access, rectification, erasure, and portability of your data, as well as the restriction or objection to its processing by submitting a written request along with a copy of an official identification document, addressed to the Data Controller. In case of disagreement with the processing, you also have the right to lodge a complaint with the Spanish Data Protection Agency.\n\t<\/p>\n<\/div>\n<div class=\"form_ac\">\n\t<p><span class=\"wpcf7-form-control-wrap\" data-name=\"acceptance-234\"><span class=\"wpcf7-form-control wpcf7-acceptance\"><span class=\"wpcf7-list-item\"><label><input type=\"checkbox\" name=\"acceptance-234\" value=\"1\" aria-invalid=\"false\" \/><span class=\"wpcf7-list-item-label\">I have read and I agree to the <a href=\"https:\/\/www.ollerclinic.com\/en\/politica-de-privacidad\/\" target=\"_blank\">privacy policy<\/a><\/span><\/label><\/span><\/span><\/span>\n\t<\/p>\n<\/div>\n<div class=\"btn_submit\">\n\t<p><input class=\"wpcf7-form-control wpcf7-submit has-spinner\" type=\"submit\" value=\"Enviar\" \/>\n\t<\/p>\n<\/div>\n<div class=\"w_100\">\n<div class=\"wpcf7-turnstile cf-turnstile\" data-sitekey=\"0x4AAAAAABoJwo2RhaculERt\" data-response-field-name=\"_wpcf7_turnstile_response\"><\/div>\n<\/div><div class=\"wpcf7-response-output\" aria-hidden=\"true\"><\/div>\n<input type=\"hidden\" name=\"trp-form-language\" value=\"en\"\/><\/form>\n<\/div>\n\n\t\t\t<\/div> \n\t\t<\/div>\n\t<\/div> \n<\/div><\/div>","protected":false},"excerpt":{"rendered":"&nbsp; &nbsp; MEDICINA EST\u00c9TICA Rejuvenecimiento a trav\u00e9s de la bioestimulaci\u00f3n celular \u00bfQu\u00e9 es? A trav\u00e9s de la extracci\u00f3n de sangre aut\u00f3loga y el centrifugado de esta misma, conseguimos una sustancia...","protected":false},"author":1,"featured_media":0,"parent":7,"menu_order":0,"comment_status":"closed","ping_status":"closed","template":"","meta":{"footnotes":""},"class_list":["post-1017","page","type-page","status-publish"],"_links":{"self":[{"href":"https:\/\/www.ollerclinic.com\/en\/wp-json\/wp\/v2\/pages\/1017","targetHints":{"allow":["GET"]}}],"collection":[{"href":"https:\/\/www.ollerclinic.com\/en\/wp-json\/wp\/v2\/pages"}],"about":[{"href":"https:\/\/www.ollerclinic.com\/en\/wp-json\/wp\/v2\/types\/page"}],"author":[{"embeddable":true,"href":"https:\/\/www.ollerclinic.com\/en\/wp-json\/wp\/v2\/users\/1"}],"replies":[{"embeddable":true,"href":"https:\/\/www.ollerclinic.com\/en\/wp-json\/wp\/v2\/comments?post=1017"}],"version-history":[{"count":9,"href":"https:\/\/www.ollerclinic.com\/en\/wp-json\/wp\/v2\/pages\/1017\/revisions"}],"predecessor-version":[{"id":1383,"href":"https:\/\/www.ollerclinic.com\/en\/wp-json\/wp\/v2\/pages\/1017\/revisions\/1383"}],"up":[{"embeddable":true,"href":"https:\/\/www.ollerclinic.com\/en\/wp-json\/wp\/v2\/pages\/7"}],"wp:attachment":[{"href":"https:\/\/www.ollerclinic.com\/en\/wp-json\/wp\/v2\/media?parent=1017"}],"curies":[{"name":"wp","href":"https:\/\/api.w.org\/{rel}","templated":true}]}}